{"id":426,"date":"2024-08-07T17:09:23","date_gmt":"2024-08-07T17:09:23","guid":{"rendered":"https:\/\/jesuspobreservices.com\/kontakt\/"},"modified":"2024-09-10T09:30:19","modified_gmt":"2024-09-10T09:30:19","slug":"kontakt","status":"publish","type":"page","link":"https:\/\/jesuspobreservices.com\/de\/kontakt\/","title":{"rendered":"Kontakt"},"content":{"rendered":"<p>[et_pb_section fb_built=&#8220;1&#8243; _builder_version=&#8220;4.25.2&#8243; _module_preset=&#8220;default&#8220; background_color=&#8220;#F4F1ED&#8220; custom_margin=&#8220;||||false|false&#8220; custom_padding=&#8220;29px||30px||false|false&#8220; global_colors_info=&#8220;{}&#8220;][et_pb_row _builder_version=&#8220;4.25.1&#8243; _module_preset=&#8220;default&#8220; width=&#8220;90%&#8220; max_width=&#8220;2560px&#8220; custom_padding=&#8220;14px|||||&#8220; global_colors_info=&#8220;{}&#8220;][et_pb_column type=&#8220;4_4&#8243; _builder_version=&#8220;4.25.1&#8243; _module_preset=&#8220;default&#8220; global_colors_info=&#8220;{}&#8220;][et_pb_text _builder_version=&#8220;4.27.0&#8243; header_font=&#8220;||||||||&#8220; header_text_color=&#8220;#623E2A&#8220; header_font_size=&#8220;80px&#8220; header_2_font=&#8220;|600|||||||&#8220; header_2_text_color=&#8220;#623E2A&#8220; header_2_font_size=&#8220;36px&#8220; header_3_font=&#8220;||||||||&#8220; header_3_text_color=&#8220;#623E2A&#8220; header_4_text_color=&#8220;#623E2A&#8220; text_orientation=&#8220;right&#8220; background_layout=&#8220;dark&#8220; header_font_tablet=&#8220;&#8220; header_font_phone=&#8220;&#8220; header_font_last_edited=&#8220;on|phone&#8220; header_font_size_tablet=&#8220;60px&#8220; header_font_size_phone=&#8220;42px&#8220; header_font_size_last_edited=&#8220;on|phone&#8220; header_2_font_size_tablet=&#8220;&#8220; header_2_font_size_phone=&#8220;24px&#8220; header_2_font_size_last_edited=&#8220;on|phone&#8220; header_3_font_size_tablet=&#8220;&#8220; header_3_font_size_phone=&#8220;19px&#8220; header_3_font_size_last_edited=&#8220;on|phone&#8220; locked=&#8220;off&#8220; global_colors_info=&#8220;{}&#8220;]<\/p>\n<h3>JPS Hausverwaltung<\/h3>\n<h1>Kontakt<\/h1>\n<p>[\/et_pb_text][\/et_pb_column][\/et_pb_row][\/et_pb_section][et_pb_section fb_built=&#8220;1&#8243; fullwidth=&#8220;on&#8220; _builder_version=&#8220;4.25.2&#8243; _module_preset=&#8220;default&#8220; global_colors_info=&#8220;{}&#8220;][et_pb_fullwidth_image src=&#8220;https:\/\/jesuspobreservices.com\/wp-content\/uploads\/2024\/08\/beautiful-outdoor-swimming-pool-hotel-resort-with-chair-deck-leisure-vacation.jpg&#8220; title_text=&#8220;sch\u00f6nes-freibad-hotel-resort-mit-sesseldeck-freizeit-urlaub&#8220; _builder_version=&#8220;4.27.0&#8243; _module_preset=&#8220;default&#8220; max_height=&#8220;658px&#8220; global_colors_info=&#8220;{}&#8220;][\/et_pb_fullwidth_image][\/et_pb_section][et_pb_section fb_built=&#8220;1&#8243; custom_padding_last_edited=&#8220;on|phone&#8220; admin_label=&#8220;Footer&#8220; module_id=&#8220;Kontakt&#8220; _builder_version=&#8220;4.27.0&#8243; background_color=&#8220;#623E2A&#8220; max_width_phone=&#8220;100%&#8220; max_width_last_edited=&#8220;off|desktop&#8220; custom_padding=&#8220;23px||12px||false|false&#8220; custom_padding_tablet=&#8220;&#8220; custom_padding_phone=&#8220;|||0vw|false|false&#8220; global_module=&#8220;172&#8243; saved_tabs=&#8220;all&#8220; locked=&#8220;off&#8220; global_colors_info=&#8220;{}&#8220;][et_pb_row _builder_version=&#8220;4.25.2&#8243; _module_preset=&#8220;default&#8220; global_colors_info=&#8220;{}&#8220;][et_pb_column type=&#8220;4_4&#8243; _builder_version=&#8220;4.25.2&#8243; _module_preset=&#8220;default&#8220; global_colors_info=&#8220;{}&#8220;][et_pb_text _builder_version=&#8220;4.27.0&#8243; text_text_color=&#8220;#FFFFFF&#8220; text_font_size=&#8220;18px&#8220; text_line_height=&#8220;1.8em&#8220; header_2_font=&#8220;Unna||||||||&#8220; header_2_font_size=&#8220;72px&#8220; header_3_text_color=&#8220;#FFFFFF&#8220; header_3_font_size=&#8220;60px&#8220; text_orientation=&#8220;center&#8220; module_alignment=&#8220;center&#8220; text_font_size_tablet=&#8220;16px&#8220; text_font_size_phone=&#8220;15px&#8220; text_font_size_last_edited=&#8220;on|phone&#8220; header_2_font_size_tablet=&#8220;48px&#8220; header_2_font_size_phone=&#8220;32px&#8220; header_2_font_size_last_edited=&#8220;on|phone&#8220; header_3_font_size_tablet=&#8220;&#8220; header_3_font_size_phone=&#8220;34px&#8220; header_3_font_size_last_edited=&#8220;on|phone&#8220; module_alignment_tablet=&#8220;&#8220; module_alignment_phone=&#8220;right&#8220; module_alignment_last_edited=&#8220;on|phone&#8220; global_colors_info=&#8220;{}&#8220;]<\/p>\n<h3>Kontaktieren Sie uns<\/h3>\n<p>f\u00fcr den besten Service f\u00fcr Ihre Immobilie an der Costa Blanca<\/p>\n<p>[\/et_pb_text][\/et_pb_column][\/et_pb_row][et_pb_row _builder_version=&#8220;4.16&#8243; global_colors_info=&#8220;{}&#8220;][et_pb_column type=&#8220;4_4&#8243; _builder_version=&#8220;4.16&#8243; global_colors_info=&#8220;{}&#8220;][et_pb_contact_form captcha=&#8220;off&#8220; email=&#8220;info@marina-media.es&#8220; custom_message=&#8220;%%Informaci\u00f3n_comercial%%&#8220; success_message=&#8220;Vielen Dank f\u00fcr Ihre Nachricht. Wir werden so schnell wie m\u00f6glich antworten&#8220; submit_button_text=&#8220;Nachricht senden&#8220; _builder_version=&#8220;4.27.0&#8243; form_field_background_color=&#8220;#ffffff&#8220; form_field_text_color=&#8220;#B29B8A&#8220; form_field_font_size=&#8220;16px&#8220; form_field_line_height=&#8220;1.8em&#8220; custom_button=&#8220;on&#8220; button_text_size=&#8220;14px&#8220; button_text_color=&#8220;#623E2A&#8220; button_bg_color=&#8220;#EEEBE5&#8243; button_border_width=&#8220;3px&#8220; button_border_color=&#8220;rgba(0,0,0,0)&#8220; button_border_radius=&#8220;10px&#8220; button_letter_spacing=&#8220;4px&#8220; button_font=&#8220;|700||on|||||&#8220; button_icon=&#8220;&#x24;||divi||400&#8243; button_custom_margin=&#8220;10px||||false|false&#8220; button_custom_padding=&#8220;15px|40px|15px|40px|true|true&#8220; module_alignment=&#8220;center&#8220; global_colors_info=&#8220;{}&#8220;][et_pb_contact_field field_id=&#8220;Name&#8220; field_title=&#8220;Name&#8220; fullwidth_field=&#8220;on&#8220; _builder_version=&#8220;4.26.0&#8243; global_colors_info=&#8220;{}&#8220; button_text_size__hover_enabled=&#8220;off&#8220; button_one_text_size__hover_enabled=&#8220;off&#8220; button_two_text_size__hover_enabled=&#8220;off&#8220; button_text_color__hover_enabled=&#8220;off&#8220; button_one_text_color__hover_enabled=&#8220;off&#8220; button_two_text_color__hover_enabled=&#8220;off&#8220; button_border_width__hover_enabled=&#8220;off&#8220; button_one_border_width__hover_enabled=&#8220;off&#8220; button_two_border_width__hover_enabled=&#8220;off&#8220; button_border_color__hover_enabled=&#8220;off&#8220; button_one_border_color__hover_enabled=&#8220;off&#8220; button_two_border_color__hover_enabled=&#8220;off&#8220; button_border_radius__hover_enabled=&#8220;off&#8220; button_one_border_radius__hover_enabled=&#8220;off&#8220; button_two_border_radius__hover_enabled=&#8220;off&#8220; button_letter_spacing__hover_enabled=&#8220;off&#8220; button_one_letter_spacing__hover_enabled=&#8220;off&#8220; button_two_letter_spacing__hover_enabled=&#8220;off&#8220; button_bg_color__hover_enabled=&#8220;off&#8220; button_one_bg_color__hover_enabled=&#8220;off&#8220; button_two_bg_color__hover_enabled=&#8220;off&#8220;][\/et_pb_contact_field][et_pb_contact_field field_id=&#8220;Email&#8220; field_title=&#8220;E-Mail Adresse&#8220; field_type=&#8220;email&#8220; _builder_version=&#8220;4.16&#8243; global_colors_info=&#8220;{}&#8220; button_text_size__hover_enabled=&#8220;off&#8220; button_one_text_size__hover_enabled=&#8220;off&#8220; button_two_text_size__hover_enabled=&#8220;off&#8220; button_text_color__hover_enabled=&#8220;off&#8220; button_one_text_color__hover_enabled=&#8220;off&#8220; button_two_text_color__hover_enabled=&#8220;off&#8220; button_border_width__hover_enabled=&#8220;off&#8220; button_one_border_width__hover_enabled=&#8220;off&#8220; button_two_border_width__hover_enabled=&#8220;off&#8220; button_border_color__hover_enabled=&#8220;off&#8220; button_one_border_color__hover_enabled=&#8220;off&#8220; button_two_border_color__hover_enabled=&#8220;off&#8220; button_border_radius__hover_enabled=&#8220;off&#8220; button_one_border_radius__hover_enabled=&#8220;off&#8220; button_two_border_radius__hover_enabled=&#8220;off&#8220; button_letter_spacing__hover_enabled=&#8220;off&#8220; button_one_letter_spacing__hover_enabled=&#8220;off&#8220; button_two_letter_spacing__hover_enabled=&#8220;off&#8220; button_bg_color__hover_enabled=&#8220;off&#8220; button_one_bg_color__hover_enabled=&#8220;off&#8220; button_two_bg_color__hover_enabled=&#8220;off&#8220;][\/et_pb_contact_field][et_pb_contact_field field_id=&#8220;Tel&#8220; field_title=&#8220;Telefon&#8220; _builder_version=&#8220;4.26.0&#8243; _module_preset=&#8220;default&#8220; global_colors_info=&#8220;{}&#8220;][\/et_pb_contact_field][et_pb_contact_field field_id=&#8220;Message&#8220; field_title=&#8220;Nachricht&#8220; field_type=&#8220;text&#8220; fullwidth_field=&#8220;on&#8220; _builder_version=&#8220;4.16&#8243; global_colors_info=&#8220;{}&#8220; button_text_size__hover_enabled=&#8220;off&#8220; button_one_text_size__hover_enabled=&#8220;off&#8220; button_two_text_size__hover_enabled=&#8220;off&#8220; button_text_color__hover_enabled=&#8220;off&#8220; button_one_text_color__hover_enabled=&#8220;off&#8220; button_two_text_color__hover_enabled=&#8220;off&#8220; button_border_width__hover_enabled=&#8220;off&#8220; button_one_border_width__hover_enabled=&#8220;off&#8220; button_two_border_width__hover_enabled=&#8220;off&#8220; button_border_color__hover_enabled=&#8220;off&#8220; button_one_border_color__hover_enabled=&#8220;off&#8220; button_two_border_color__hover_enabled=&#8220;off&#8220; button_border_radius__hover_enabled=&#8220;off&#8220; button_one_border_radius__hover_enabled=&#8220;off&#8220; button_two_border_radius__hover_enabled=&#8220;off&#8220; button_letter_spacing__hover_enabled=&#8220;off&#8220; button_one_letter_spacing__hover_enabled=&#8220;off&#8220; button_two_letter_spacing__hover_enabled=&#8220;off&#8220; button_bg_color__hover_enabled=&#8220;off&#8220; button_one_bg_color__hover_enabled=&#8220;off&#8220; button_two_bg_color__hover_enabled=&#8220;off&#8220;][\/et_pb_contact_field][et_pb_contact_field field_id=&#8220;Informaci\u00f3n_y_consentimiento&#8220; field_title=&#8220;Information und Zustimmung&#8220; field_type=&#8220;checkbox&#8220; checkbox_options=&#8220;%91{%22value%22:%22Ich habe die DATENSCHUTZHINWEISE gelesen und akzeptiere sie (obligatorisch zum Absenden des Formulars)%22,%22checked%22:0,%22dragID%22:-1,%22link_url%22:%22\\\/privacy-policy\\\/%22,%22link_text%22:%22%22}%93&#8243; fullwidth_field=&#8220;on&#8220; _builder_version=&#8220;4.27.0&#8243; _module_preset=&#8220;default&#8220; global_colors_info=&#8220;{}&#8220;][\/et_pb_contact_field][et_pb_contact_field field_id=&#8220;Informaci\u00f3n_comercial&#8220; field_title=&#8220; &#8220; field_type=&#8220;checkbox&#8220; checkbox_options=&#8220;%91{%22value%22:%22Ich m\u00f6chte kommerzielle Informationen \u00fcber Produkte\\\/Dienstleistungen erhalten%22,%22checked%22:0,%22dragID%22:-1}%93&#8243; required_mark=&#8220;off&#8220; fullwidth_field=&#8220;on&#8220; _builder_version=&#8220;4.27.0&#8243; _module_preset=&#8220;default&#8220; global_colors_info=&#8220;{}&#8220;][\/et_pb_contact_field][\/et_pb_contact_form][et_pb_text _builder_version=&#8220;4.27.0&#8243; _module_preset=&#8220;default&#8220; global_colors_info=&#8220;{}&#8220;]<\/p>\n<p>Die \u00fcber dieses Formular angeforderten pers\u00f6nlichen Daten sind das Minimum, das zur Bearbeitung Ihrer Anfrage erforderlich ist und werden von PAUL A. LITHERLAND, mit CIF X2557841B, und der Adresse C\/MAYOR 37, JESUS POBRE (03749), ALICANTE gem\u00e4\u00df den Bestimmungen in unserer DATENSCHUTZPOLITIK verarbeitet, um Ihre Fragen aus diesem Formular beantworten zu k\u00f6nnen.<\/p>\n<p>Die \u00fcber dieses Formular erhobenen Daten werden nicht an Dritte weitergegeben, es sei denn, Sie sind dazu gesetzlich verpflichtet.<\/p>\n<p>Wir erinnern Sie daran, dass Sie das Recht auf Zugang, Berichtigung, Einschr\u00e4nkung der Verarbeitung, L\u00f6schung, \u00dcbertragbarkeit und Widerspruch gegen die Verarbeitung Ihrer Daten haben, indem Sie Ihre Anfrage an die angegebene Postanschrift oder an die E-Mail-jesuspobreservices@gmail.com richten.<br \/>\nSie k\u00f6nnen sich auch an uns wenden, um weitere Informationen zu erhalten.<br \/>\nzus\u00e4tzlich.  <\/p>\n<p>[\/et_pb_text][et_pb_image src=&#8220;https:\/\/jesuspobreservices.com\/wp-content\/uploads\/2024\/06\/JPS-Icon.jpg&#8220; title_text=&#8220;JPS-Symbol&#8220; align=&#8220;center&#8220; align_tablet=&#8220;&#8220; align_phone=&#8220;&#8220; align_last_edited=&#8220;on|desktop&#8220; _builder_version=&#8220;4.27.0&#8243; _module_preset=&#8220;default&#8220; width=&#8220;12%&#8220; width_tablet=&#8220;&#8220; width_phone=&#8220;35%&#8220; width_last_edited=&#8220;on|desktop&#8220; module_alignment=&#8220;right&#8220; custom_margin=&#8220;||12px|||&#8220; module_alignment_tablet=&#8220;&#8220; module_alignment_phone=&#8220;right&#8220; module_alignment_last_edited=&#8220;on|phone&#8220; global_colors_info=&#8220;{}&#8220;][\/et_pb_image][et_pb_text _builder_version=&#8220;4.27.0&#8243; _module_preset=&#8220;default&#8220; text_text_color=&#8220;#FFFFFF&#8220; text_orientation=&#8220;right&#8220; global_colors_info=&#8220;{}&#8220;]<\/p>\n<p>Calle Mayor 37, 03749 Jes\u00fas Pobre (D\u00e9nia)<\/p>\n<p><span style=\"color: #ffffff;\"><a href=\"mailto:info@jesuspobreservices.com\" target=\"_blank\" rel=\"noopener\" style=\"color: #ffffff;\">info@jesuspobreservices.com<\/a><\/span><\/p>\n<p><span style=\"color: #ffffff;\">+34 602 560 511<\/span><\/p>\n<p>[\/et_pb_text][\/et_pb_column][\/et_pb_row][\/et_pb_section]<\/p>\n","protected":false},"excerpt":{"rendered":"<p>JPS Hausverwaltung KontaktKontaktieren Sie uns f\u00fcr den besten Service f\u00fcr Ihre Immobilie an der Costa BlancaDie \u00fcber dieses Formular angeforderten pers\u00f6nlichen Daten sind das Minimum, das zur Bearbeitung Ihrer Anfrage erforderlich ist und werden von PAUL A. LITHERLAND, mit CIF X2557841B, und der Adresse C\/MAYOR 37, JESUS POBRE (03749), ALICANTE gem\u00e4\u00df den Bestimmungen in unserer [&hellip;]<\/p>\n","protected":false},"author":1,"featured_media":0,"parent":0,"menu_order":0,"comment_status":"closed","ping_status":"closed","template":"","meta":{"_et_pb_use_builder":"on","_et_pb_old_content":"","_et_gb_content_width":"","footnotes":""},"class_list":["post-426","page","type-page","status-publish","hentry"],"yoast_head":"<!-- This site is optimized with the Yoast SEO plugin v26.0 - https:\/\/yoast.com\/wordpress\/plugins\/seo\/ -->\n<title>Kontakt - Jes&uacute;s Pobre Services<\/title>\n<meta name=\"robots\" content=\"index, follow, max-snippet:-1, max-image-preview:large, max-video-preview:-1\" \/>\n<link rel=\"canonical\" href=\"https:\/\/jesuspobreservices.com\/de\/kontakt\/\" \/>\n<meta property=\"og:locale\" content=\"de_DE\" \/>\n<meta property=\"og:type\" content=\"article\" \/>\n<meta property=\"og:title\" content=\"Kontakt - Jes&uacute;s Pobre Services\" \/>\n<meta property=\"og:description\" content=\"JPS Hausverwaltung KontaktKontaktieren Sie uns f\u00fcr den besten Service f\u00fcr Ihre Immobilie an der Costa BlancaDie \u00fcber dieses Formular angeforderten pers\u00f6nlichen Daten sind das Minimum, das zur Bearbeitung Ihrer Anfrage erforderlich ist und werden von PAUL A. LITHERLAND, mit CIF X2557841B, und der Adresse C\/MAYOR 37, JESUS POBRE (03749), ALICANTE gem\u00e4\u00df den Bestimmungen in unserer [&hellip;]\" \/>\n<meta property=\"og:url\" content=\"https:\/\/jesuspobreservices.com\/de\/kontakt\/\" \/>\n<meta property=\"og:site_name\" content=\"Jes&uacute;s Pobre Services\" \/>\n<meta property=\"article:publisher\" content=\"https:\/\/www.facebook.com\/JesusPobreServices\/\" \/>\n<meta property=\"article:modified_time\" content=\"2024-09-10T09:30:19+00:00\" \/>\n<meta name=\"twitter:card\" content=\"summary_large_image\" \/>\n<meta name=\"twitter:label1\" content=\"Gesch\u00e4tzte Lesezeit\" \/>\n\t<meta name=\"twitter:data1\" content=\"7\u00a0Minuten\" \/>\n<script type=\"application\/ld+json\" class=\"yoast-schema-graph\">{\"@context\":\"https:\/\/schema.org\",\"@graph\":[{\"@type\":\"WebPage\",\"@id\":\"https:\/\/jesuspobreservices.com\/de\/kontakt\/\",\"url\":\"https:\/\/jesuspobreservices.com\/de\/kontakt\/\",\"name\":\"Kontakt - Jes&uacute;s Pobre Services\",\"isPartOf\":{\"@id\":\"https:\/\/jesuspobreservices.com\/de\/#website\"},\"datePublished\":\"2024-08-07T17:09:23+00:00\",\"dateModified\":\"2024-09-10T09:30:19+00:00\",\"breadcrumb\":{\"@id\":\"https:\/\/jesuspobreservices.com\/de\/kontakt\/#breadcrumb\"},\"inLanguage\":\"de\",\"potentialAction\":[{\"@type\":\"ReadAction\",\"target\":[\"https:\/\/jesuspobreservices.com\/de\/kontakt\/\"]}]},{\"@type\":\"BreadcrumbList\",\"@id\":\"https:\/\/jesuspobreservices.com\/de\/kontakt\/#breadcrumb\",\"itemListElement\":[{\"@type\":\"ListItem\",\"position\":1,\"name\":\"Home\",\"item\":\"https:\/\/jesuspobreservices.com\/de\/heim\/\"},{\"@type\":\"ListItem\",\"position\":2,\"name\":\"Kontakt\"}]},{\"@type\":\"WebSite\",\"@id\":\"https:\/\/jesuspobreservices.com\/de\/#website\",\"url\":\"https:\/\/jesuspobreservices.com\/de\/\",\"name\":\"Jes\u00fas Pobre Services\",\"description\":\"your best choice of property management in Javea, Denia and Moraira area\",\"publisher\":{\"@id\":\"https:\/\/jesuspobreservices.com\/de\/#organization\"},\"potentialAction\":[{\"@type\":\"SearchAction\",\"target\":{\"@type\":\"EntryPoint\",\"urlTemplate\":\"https:\/\/jesuspobreservices.com\/de\/?s={search_term_string}\"},\"query-input\":{\"@type\":\"PropertyValueSpecification\",\"valueRequired\":true,\"valueName\":\"search_term_string\"}}],\"inLanguage\":\"de\"},{\"@type\":\"Organization\",\"@id\":\"https:\/\/jesuspobreservices.com\/de\/#organization\",\"name\":\"Jes\u00fas Pobre Services - Property Management since 1992\",\"url\":\"https:\/\/jesuspobreservices.com\/de\/\",\"logo\":{\"@type\":\"ImageObject\",\"inLanguage\":\"de\",\"@id\":\"https:\/\/jesuspobreservices.com\/de\/#\/schema\/logo\/image\/\",\"url\":\"https:\/\/jesuspobreservices.com\/wp-content\/uploads\/2024\/06\/JPS-Icon.jpg\",\"contentUrl\":\"https:\/\/jesuspobreservices.com\/wp-content\/uploads\/2024\/06\/JPS-Icon.jpg\",\"width\":512,\"height\":512,\"caption\":\"Jes\u00fas Pobre Services - Property Management since 1992\"},\"image\":{\"@id\":\"https:\/\/jesuspobreservices.com\/de\/#\/schema\/logo\/image\/\"},\"sameAs\":[\"https:\/\/www.facebook.com\/JesusPobreServices\/\",\"https:\/\/www.instagram.com\/jesuspobreservices\/\"]}]}<\/script>\n<!-- \/ Yoast SEO plugin. -->","yoast_head_json":{"title":"Kontakt - Jes&uacute;s Pobre Services","robots":{"index":"index","follow":"follow","max-snippet":"max-snippet:-1","max-image-preview":"max-image-preview:large","max-video-preview":"max-video-preview:-1"},"canonical":"https:\/\/jesuspobreservices.com\/de\/kontakt\/","og_locale":"de_DE","og_type":"article","og_title":"Kontakt - Jes&uacute;s Pobre Services","og_description":"JPS Hausverwaltung KontaktKontaktieren Sie uns f\u00fcr den besten Service f\u00fcr Ihre Immobilie an der Costa BlancaDie \u00fcber dieses Formular angeforderten pers\u00f6nlichen Daten sind das Minimum, das zur Bearbeitung Ihrer Anfrage erforderlich ist und werden von PAUL A. LITHERLAND, mit CIF X2557841B, und der Adresse C\/MAYOR 37, JESUS POBRE (03749), ALICANTE gem\u00e4\u00df den Bestimmungen in unserer [&hellip;]","og_url":"https:\/\/jesuspobreservices.com\/de\/kontakt\/","og_site_name":"Jes&uacute;s Pobre Services","article_publisher":"https:\/\/www.facebook.com\/JesusPobreServices\/","article_modified_time":"2024-09-10T09:30:19+00:00","twitter_card":"summary_large_image","twitter_misc":{"Gesch\u00e4tzte Lesezeit":"7\u00a0Minuten"},"schema":{"@context":"https:\/\/schema.org","@graph":[{"@type":"WebPage","@id":"https:\/\/jesuspobreservices.com\/de\/kontakt\/","url":"https:\/\/jesuspobreservices.com\/de\/kontakt\/","name":"Kontakt - Jes&uacute;s Pobre Services","isPartOf":{"@id":"https:\/\/jesuspobreservices.com\/de\/#website"},"datePublished":"2024-08-07T17:09:23+00:00","dateModified":"2024-09-10T09:30:19+00:00","breadcrumb":{"@id":"https:\/\/jesuspobreservices.com\/de\/kontakt\/#breadcrumb"},"inLanguage":"de","potentialAction":[{"@type":"ReadAction","target":["https:\/\/jesuspobreservices.com\/de\/kontakt\/"]}]},{"@type":"BreadcrumbList","@id":"https:\/\/jesuspobreservices.com\/de\/kontakt\/#breadcrumb","itemListElement":[{"@type":"ListItem","position":1,"name":"Home","item":"https:\/\/jesuspobreservices.com\/de\/heim\/"},{"@type":"ListItem","position":2,"name":"Kontakt"}]},{"@type":"WebSite","@id":"https:\/\/jesuspobreservices.com\/de\/#website","url":"https:\/\/jesuspobreservices.com\/de\/","name":"Jes\u00fas Pobre Services","description":"your best choice of property management in Javea, Denia and Moraira area","publisher":{"@id":"https:\/\/jesuspobreservices.com\/de\/#organization"},"potentialAction":[{"@type":"SearchAction","target":{"@type":"EntryPoint","urlTemplate":"https:\/\/jesuspobreservices.com\/de\/?s={search_term_string}"},"query-input":{"@type":"PropertyValueSpecification","valueRequired":true,"valueName":"search_term_string"}}],"inLanguage":"de"},{"@type":"Organization","@id":"https:\/\/jesuspobreservices.com\/de\/#organization","name":"Jes\u00fas Pobre Services - Property Management since 1992","url":"https:\/\/jesuspobreservices.com\/de\/","logo":{"@type":"ImageObject","inLanguage":"de","@id":"https:\/\/jesuspobreservices.com\/de\/#\/schema\/logo\/image\/","url":"https:\/\/jesuspobreservices.com\/wp-content\/uploads\/2024\/06\/JPS-Icon.jpg","contentUrl":"https:\/\/jesuspobreservices.com\/wp-content\/uploads\/2024\/06\/JPS-Icon.jpg","width":512,"height":512,"caption":"Jes\u00fas Pobre Services - Property Management since 1992"},"image":{"@id":"https:\/\/jesuspobreservices.com\/de\/#\/schema\/logo\/image\/"},"sameAs":["https:\/\/www.facebook.com\/JesusPobreServices\/","https:\/\/www.instagram.com\/jesuspobreservices\/"]}]}},"_links":{"self":[{"href":"https:\/\/jesuspobreservices.com\/de\/wp-json\/wp\/v2\/pages\/426","targetHints":{"allow":["GET"]}}],"collection":[{"href":"https:\/\/jesuspobreservices.com\/de\/wp-json\/wp\/v2\/pages"}],"about":[{"href":"https:\/\/jesuspobreservices.com\/de\/wp-json\/wp\/v2\/types\/page"}],"author":[{"embeddable":true,"href":"https:\/\/jesuspobreservices.com\/de\/wp-json\/wp\/v2\/users\/1"}],"replies":[{"embeddable":true,"href":"https:\/\/jesuspobreservices.com\/de\/wp-json\/wp\/v2\/comments?post=426"}],"version-history":[{"count":2,"href":"https:\/\/jesuspobreservices.com\/de\/wp-json\/wp\/v2\/pages\/426\/revisions"}],"predecessor-version":[{"id":428,"href":"https:\/\/jesuspobreservices.com\/de\/wp-json\/wp\/v2\/pages\/426\/revisions\/428"}],"wp:attachment":[{"href":"https:\/\/jesuspobreservices.com\/de\/wp-json\/wp\/v2\/media?parent=426"}],"curies":[{"name":"wp","href":"https:\/\/api.w.org\/{rel}","templated":true}]}}