{"id":446,"date":"2024-08-05T17:30:11","date_gmt":"2024-08-05T17:30:11","guid":{"rendered":"https:\/\/jesuspobreservices.com\/aviso-legal\/"},"modified":"2024-09-10T10:32:08","modified_gmt":"2024-09-10T10:32:08","slug":"aviso-legal","status":"publish","type":"page","link":"https:\/\/jesuspobreservices.com\/de\/aviso-legal\/","title":{"rendered":"Aviso Legal"},"content":{"rendered":"<p>[et_pb_section fb_built=&#8220;1&#8243; _builder_version=&#8220;4.25.2&#8243; _module_preset=&#8220;default&#8220; background_color=&#8220;#F4F1ED&#8220; custom_margin=&#8220;||||false|false&#8220; custom_padding=&#8220;29px||30px||false|false&#8220; global_colors_info=&#8220;{}&#8220;][et_pb_row _builder_version=&#8220;4.25.1&#8243; _module_preset=&#8220;default&#8220; width=&#8220;90%&#8220; max_width=&#8220;2560px&#8220; custom_padding=&#8220;14px|||||&#8220; global_colors_info=&#8220;{}&#8220;][et_pb_column type=&#8220;4_4&#8243; _builder_version=&#8220;4.25.1&#8243; _module_preset=&#8220;default&#8220; global_colors_info=&#8220;{}&#8220;][et_pb_text _builder_version=&#8220;4.27.0&#8243; header_font=&#8220;||||||||&#8220; header_text_color=&#8220;#623E2A&#8220; header_font_size=&#8220;80px&#8220; header_2_font=&#8220;|600|||||||&#8220; header_2_text_color=&#8220;#623E2A&#8220; header_2_font_size=&#8220;36px&#8220; header_3_font=&#8220;||||||||&#8220; header_3_text_color=&#8220;#623E2A&#8220; header_4_text_color=&#8220;#623E2A&#8220; text_orientation=&#8220;right&#8220; background_layout=&#8220;dark&#8220; hover_enabled=&#8220;0&#8243; header_font_tablet=&#8220;&#8220; header_font_phone=&#8220;&#8220; header_font_last_edited=&#8220;on|phone&#8220; header_font_size_tablet=&#8220;60px&#8220; header_font_size_phone=&#8220;42px&#8220; header_font_size_last_edited=&#8220;on|phone&#8220; header_2_font_size_tablet=&#8220;&#8220; header_2_font_size_phone=&#8220;24px&#8220; header_2_font_size_last_edited=&#8220;on|phone&#8220; header_3_font_size_tablet=&#8220;&#8220; header_3_font_size_phone=&#8220;19px&#8220; header_3_font_size_last_edited=&#8220;on|phone&#8220; locked=&#8220;off&#8220; global_colors_info=&#8220;{}&#8220; sticky_enabled=&#8220;0&#8243;]<\/p>\n<h3>JPS Hausverwaltung<\/h3>\n<h1>Rechtlicher Hinweis<\/h1>\n<p>[\/et_pb_text][\/et_pb_column][\/et_pb_row][\/et_pb_section][et_pb_section fb_built=&#8220;1&#8243; _builder_version=&#8220;4.25.2&#8243; _module_preset=&#8220;default&#8220; background_color=&#8220;#FFFFFF&#8220; custom_padding=&#8220;8px||36px|||&#8220; global_colors_info=&#8220;{}&#8220;][\/et_pb_section][et_pb_section fb_built=&#8220;1&#8243; _builder_version=&#8220;4.25.2&#8243; _module_preset=&#8220;default&#8220; background_color=&#8220;#FFFFFF&#8220; custom_padding=&#8220;8px||36px|||&#8220; global_colors_info=&#8220;{}&#8220;][et_pb_row _builder_version=&#8220;4.25.1&#8243; _module_preset=&#8220;default&#8220; custom_padding=&#8220;||6px|||&#8220; global_colors_info=&#8220;{}&#8220;][et_pb_column type=&#8220;4_4&#8243; _builder_version=&#8220;4.25.1&#8243; _module_preset=&#8220;default&#8220; global_colors_info=&#8220;{}&#8220;][et_pb_text _builder_version=&#8220;4.27.0&#8243; _module_preset=&#8220;default&#8220; header_2_font=&#8220;||||||||&#8220; header_2_text_color=&#8220;#623E2A&#8220; header_2_font_size=&#8220;60px&#8220; hover_enabled=&#8220;0&#8243; header_2_font_size_tablet=&#8220;60px&#8220; header_2_font_size_phone=&#8220;34px&#8220; header_2_font_size_last_edited=&#8220;on|phone&#8220; global_colors_info=&#8220;{}&#8220; sticky_enabled=&#8220;0&#8243;]<\/p>\n<h3>Geistiges und gewerbliches Eigentum<\/h3>\n<p>[\/et_pb_text][et_pb_text _builder_version=&#8220;4.27.0&#8243; text_line_height=&#8220;2em&#8220; hover_enabled=&#8220;0&#8243; global_colors_info=&#8220;{}&#8220; sticky_enabled=&#8220;0&#8243;]<\/p>\n<p>Das Design des Portals und seine Quellcodes sowie die darin erscheinenden Logos, Marken und sonstigen Unterscheidungszeichen geh\u00f6ren (PAUL A. LITHERLAND) und sind durch die entsprechenden Rechte an geistigem und gewerblichem Eigentum gesch\u00fctzt.<\/p>\n<p>[\/et_pb_text][\/et_pb_column][\/et_pb_row][et_pb_row _builder_version=&#8220;4.25.1&#8243; _module_preset=&#8220;default&#8220; custom_padding=&#8220;||6px|||&#8220; global_colors_info=&#8220;{}&#8220;][et_pb_column type=&#8220;4_4&#8243; _builder_version=&#8220;4.25.1&#8243; _module_preset=&#8220;default&#8220; global_colors_info=&#8220;{}&#8220;][et_pb_text _builder_version=&#8220;4.27.0&#8243; _module_preset=&#8220;default&#8220; header_2_font=&#8220;||||||||&#8220; header_2_text_color=&#8220;#623E2A&#8220; header_2_font_size=&#8220;60px&#8220; hover_enabled=&#8220;0&#8243; header_2_font_size_tablet=&#8220;60px&#8220; header_2_font_size_phone=&#8220;34px&#8220; header_2_font_size_last_edited=&#8220;on|phone&#8220; global_colors_info=&#8220;{}&#8220; sticky_enabled=&#8220;0&#8243;]<\/p>\n<h3>Inhaltliche Verantwortung<\/h3>\n<p>[\/et_pb_text][et_pb_text _builder_version=&#8220;4.27.0&#8243; text_line_height=&#8220;2em&#8220; hover_enabled=&#8220;0&#8243; global_colors_info=&#8220;{}&#8220; sticky_enabled=&#8220;0&#8243;]<\/p>\n<p>PAUL A. LITHERLAND, mit CIF X2557841B ist nicht verantwortlich f\u00fcr die Rechtm\u00e4\u00dfigkeit anderer Websites Dritter, von denen aus auf das Portal zugegriffen werden kann.<br \/>\nSie ist auch nicht verantwortlich f\u00fcr die Rechtm\u00e4\u00dfigkeit anderer Websites Dritter, die von diesem Portal aus verlinkt oder verlinkt sein k\u00f6nnen.<br \/>PAUL A. LITHERLAND, CIF X2557841B haftet nicht f\u00fcr die Nutzung der auf dem Portal ver\u00f6ffentlichten Informationen durch Dritte oder f\u00fcr erlittene Sch\u00e4den oder wirtschaftliche Verluste, die direkt oder indirekt wirtschaftliche, materielle oder datenbezogene Sch\u00e4den verursachen oder verursachen k\u00f6nnen, die durch die Nutzung dieser Informationen verursacht werden. <\/p>\n<p>[\/et_pb_text][\/et_pb_column][\/et_pb_row][et_pb_row _builder_version=&#8220;4.25.1&#8243; _module_preset=&#8220;default&#8220; custom_padding=&#8220;||6px|||&#8220; global_colors_info=&#8220;{}&#8220;][et_pb_column type=&#8220;4_4&#8243; _builder_version=&#8220;4.25.1&#8243; _module_preset=&#8220;default&#8220; global_colors_info=&#8220;{}&#8220;][et_pb_text _builder_version=&#8220;4.27.0&#8243; _module_preset=&#8220;default&#8220; header_2_font=&#8220;||||||||&#8220; header_2_text_color=&#8220;#623E2A&#8220; header_2_font_size=&#8220;60px&#8220; hover_enabled=&#8220;0&#8243; header_2_font_size_tablet=&#8220;60px&#8220; header_2_font_size_phone=&#8220;34px&#8220; header_2_font_size_last_edited=&#8220;on|phone&#8220; global_colors_info=&#8220;{}&#8220; sticky_enabled=&#8220;0&#8243;]<\/p>\n<h3>Vervielf\u00e4ltigung von Inhalten<\/h3>\n<p>[\/et_pb_text][et_pb_text _builder_version=&#8220;4.27.0&#8243; text_line_height=&#8220;2em&#8220; hover_enabled=&#8220;0&#8243; global_colors_info=&#8220;{}&#8220; sticky_enabled=&#8220;0&#8243;]<\/p>\n<p>Die Vervielf\u00e4ltigung, Verbreitung und \u00f6ffentliche Wiedergabe des gesamten oder eines Teils des Inhalts dieser Website ist ohne Genehmigung von PAUL A. LITHERLAND zu kommerziellen Zwecken auf jedem Medium und mit allen technischen Mitteln ausdr\u00fccklich untersagt<\/p>\n<p>[\/et_pb_text][\/et_pb_column][\/et_pb_row][et_pb_row _builder_version=&#8220;4.25.1&#8243; _module_preset=&#8220;default&#8220; custom_padding=&#8220;||6px|||&#8220; global_colors_info=&#8220;{}&#8220;][et_pb_column type=&#8220;4_4&#8243; _builder_version=&#8220;4.25.1&#8243; _module_preset=&#8220;default&#8220; global_colors_info=&#8220;{}&#8220;][et_pb_text _builder_version=&#8220;4.27.0&#8243; _module_preset=&#8220;default&#8220; header_2_font=&#8220;||||||||&#8220; header_2_text_color=&#8220;#623E2A&#8220; header_2_font_size=&#8220;60px&#8220; hover_enabled=&#8220;0&#8243; header_2_font_size_tablet=&#8220;60px&#8220; header_2_font_size_phone=&#8220;34px&#8220; header_2_font_size_last_edited=&#8220;on|phone&#8220; global_colors_info=&#8220;{}&#8220; sticky_enabled=&#8220;0&#8243;]<\/p>\n<h3>Geltendes Recht<\/h3>\n<p>[\/et_pb_text][et_pb_text _builder_version=&#8220;4.27.0&#8243; text_line_height=&#8220;2em&#8220; hover_enabled=&#8220;0&#8243; global_colors_info=&#8220;{}&#8220; sticky_enabled=&#8220;0&#8243;]<\/p>\n<p>PAUL A. LITHERLAND, CIF X2557841B beh\u00e4lt sich das Recht vor, zivil- oder strafrechtliche Schritte einzuleiten, die sie f\u00fcr notwendig erachtet, wenn die Website und ihre Inhalte missbr\u00e4uchlich genutzt werden oder gegen diese Bedingungen versto\u00dfen.<br \/>Die Beziehung zwischen dem Nutzer und PAUL A. LITHERLAND mit CIF X2557841B unterliegt den geltenden und anwendbaren Vorschriften im Inland.<br \/>\nWenn es zu Meinungsverschiedenheiten in Bezug auf die Auslegung und\/oder Anwendung dieser Bedingungen kommt, werden die Parteien die Konflikte der ordentlichen Gerichtsbarkeit unterwerfen und sich den entsprechenden Richtern und Gerichten in \u00dcbereinstimmung mit dem Gesetz unterwerfen.<br \/>Ebenso informieren wir Sie, dass es ein kostenloses au\u00dfergerichtliches Streitbeilegungsverfahren gibt, das allen B\u00fcrgern zug\u00e4nglich ist, es ist die Online-Streitbeilegungsplattform der Europ\u00e4ischen Union, die \u00fcber den folgenden Link zug\u00e4nglich ist:<br \/>https:\/\/ec.europa.eu\/consumers\/odr\/main\/?event=main.home2.show <\/p>\n<p>[\/et_pb_text][\/et_pb_column][\/et_pb_row][et_pb_row _builder_version=&#8220;4.25.1&#8243; _module_preset=&#8220;default&#8220; custom_padding=&#8220;||6px|||&#8220; global_colors_info=&#8220;{}&#8220;][et_pb_column type=&#8220;4_4&#8243; _builder_version=&#8220;4.25.1&#8243; _module_preset=&#8220;default&#8220; global_colors_info=&#8220;{}&#8220;][et_pb_text _builder_version=&#8220;4.27.0&#8243; _module_preset=&#8220;default&#8220; header_2_font=&#8220;||||||||&#8220; header_2_text_color=&#8220;#623E2A&#8220; header_2_font_size=&#8220;60px&#8220; header_2_font_size_tablet=&#8220;60px&#8220; header_2_font_size_phone=&#8220;34px&#8220; header_2_font_size_last_edited=&#8220;on|phone&#8220; global_colors_info=&#8220;{}&#8220;]<\/p>\n<h3>Cookies<\/h3>\n<p>[\/et_pb_text][et_pb_text _builder_version=&#8220;4.27.0&#8243; text_line_height=&#8220;2em&#8220; hover_enabled=&#8220;0&#8243; global_colors_info=&#8220;{}&#8220; sticky_enabled=&#8220;0&#8243;]<\/p>\n<p>Im Falle der Verwendung der &#8222;Cookie&#8220;-Technologie auf der Website gibt es einen speziellen Abschnitt, der Sie \u00fcber deren Existenz sowie \u00fcber ihre Nutzungsbedingungen informiert.<br \/>\nSiehe Abschnitt &#8222;Cookie-Richtlinie&#8220;.<br \/>Andernfalls werden keine Navigations-Cookies verwendet. <\/p>\n<p>[\/et_pb_text][\/et_pb_column][\/et_pb_row][et_pb_row _builder_version=&#8220;4.25.1&#8243; _module_preset=&#8220;default&#8220; custom_padding=&#8220;||6px|||&#8220; global_colors_info=&#8220;{}&#8220;][et_pb_column type=&#8220;4_4&#8243; _builder_version=&#8220;4.25.1&#8243; _module_preset=&#8220;default&#8220; global_colors_info=&#8220;{}&#8220;][et_pb_text _builder_version=&#8220;4.27.0&#8243; _module_preset=&#8220;default&#8220; header_2_font=&#8220;||||||||&#8220; header_2_text_color=&#8220;#623E2A&#8220; header_2_font_size=&#8220;60px&#8220; hover_enabled=&#8220;0&#8243; header_2_font_size_tablet=&#8220;60px&#8220; header_2_font_size_phone=&#8220;34px&#8220; header_2_font_size_last_edited=&#8220;on|phone&#8220; global_colors_info=&#8220;{}&#8220; sticky_enabled=&#8220;0&#8243;]<\/p>\n<h3>Personenbezogene Daten von Minderj\u00e4hrigen<\/h3>\n<p>[\/et_pb_text][et_pb_text _builder_version=&#8220;4.27.0&#8243; text_line_height=&#8220;2em&#8220; hover_enabled=&#8220;0&#8243; global_colors_info=&#8220;{}&#8220; sticky_enabled=&#8220;0&#8243;]<\/p>\n<p>Diese Website richtet sich nicht an minderj\u00e4hrige Nutzer.<br \/>\nWenn Sie minderj\u00e4hrig sind, versuchen Sie bitte nicht, sich als Benutzer zu registrieren.<br \/>\nWenn wir feststellen, dass wir irrt\u00fcmlicherweise personenbezogene Daten von einem Minderj\u00e4hrigen erhalten haben, werden wir diese Daten so schnell wie m\u00f6glich l\u00f6schen.  <\/p>\n<p>[\/et_pb_text][\/et_pb_column][\/et_pb_row][et_pb_row _builder_version=&#8220;4.25.1&#8243; _module_preset=&#8220;default&#8220; custom_padding=&#8220;||6px|||&#8220; global_colors_info=&#8220;{}&#8220;][et_pb_column type=&#8220;4_4&#8243; _builder_version=&#8220;4.25.1&#8243; _module_preset=&#8220;default&#8220; global_colors_info=&#8220;{}&#8220;][et_pb_text _builder_version=&#8220;4.27.0&#8243; _module_preset=&#8220;default&#8220; header_2_font=&#8220;||||||||&#8220; header_2_text_color=&#8220;#623E2A&#8220; header_2_font_size=&#8220;60px&#8220; hover_enabled=&#8220;0&#8243; header_2_font_size_tablet=&#8220;60px&#8220; header_2_font_size_phone=&#8220;34px&#8220; header_2_font_size_last_edited=&#8220;on|phone&#8220; global_colors_info=&#8220;{}&#8220; sticky_enabled=&#8220;0&#8243;]<\/p>\n<h3>Aus\u00fcbung von Datenschutzrechten<\/h3>\n<p>[\/et_pb_text][et_pb_text _builder_version=&#8220;4.27.0&#8243; text_line_height=&#8220;2em&#8220; hover_enabled=&#8220;0&#8243; global_colors_info=&#8220;{}&#8220; sticky_enabled=&#8220;0&#8243;]<\/p>\n<p>In \u00dcbereinstimmung mit den Rechten, die durch die geltenden Vorschriften zum Schutz personenbezogener Daten gew\u00e4hrt werden, kann der Benutzer die Rechte auf Zugang, Berichtigung, Einschr\u00e4nkung der Verarbeitung, L\u00f6schung, \u00dcbertragbarkeit und Widerspruch gegen die Verarbeitung seiner Daten aus\u00fcben, indem er seine Anfrage an die angegebene Postanschrift oder E-Mail-Adresse richtet jesuspobreservices@gmail.com<\/p>\n<p>[\/et_pb_text][\/et_pb_column][\/et_pb_row][et_pb_row _builder_version=&#8220;4.25.1&#8243; _module_preset=&#8220;default&#8220; custom_padding=&#8220;||6px|||&#8220; global_colors_info=&#8220;{}&#8220;][et_pb_column type=&#8220;4_4&#8243; _builder_version=&#8220;4.25.1&#8243; _module_preset=&#8220;default&#8220; global_colors_info=&#8220;{}&#8220;][et_pb_text _builder_version=&#8220;4.27.0&#8243; _module_preset=&#8220;default&#8220; header_2_font=&#8220;||||||||&#8220; header_2_text_color=&#8220;#623E2A&#8220; header_2_font_size=&#8220;60px&#8220; hover_enabled=&#8220;0&#8243; header_2_font_size_tablet=&#8220;60px&#8220; header_2_font_size_phone=&#8220;34px&#8220; header_2_font_size_last_edited=&#8220;on|phone&#8220; global_colors_info=&#8220;{}&#8220; sticky_enabled=&#8220;0&#8243;]<\/p>\n<h3>Um Ihre Rechte auszu\u00fcben, m\u00fcssen Sie sich durch Vorlage Ihres Personalausweises identifizieren.<\/h3>\n<p>[\/et_pb_text][et_pb_text _builder_version=&#8220;4.27.0&#8243; text_line_height=&#8220;2em&#8220; hover_enabled=&#8220;0&#8243; global_colors_info=&#8220;{}&#8220; sticky_enabled=&#8220;0&#8243;]<\/p>\n<p>F\u00fcr jede Reklamation k\u00f6nnen Sie sich an die E-Mail-Adresse wenden jesuspobreservices@gmail.com Sie k\u00f6nnen sich auch an die spanische Datenschutzbeh\u00f6rde wenden:<br \/><a href=\"https:\/\/www.aepd.es\">https:\/\/www.aepd.es<\/a><\/p>\n<p>&nbsp;<\/p>\n<p>&nbsp;<\/p>\n<p>&nbsp;<\/p>\n<p>[\/et_pb_text][\/et_pb_column][\/et_pb_row][\/et_pb_section]<\/p>\n","protected":false},"excerpt":{"rendered":"<p>JPS Hausverwaltung Rechtlicher HinweisGeistiges und gewerbliches EigentumDas Design des Portals und seine Quellcodes sowie die darin erscheinenden Logos, Marken und sonstigen Unterscheidungszeichen geh\u00f6ren (PAUL A. LITHERLAND) und sind durch die entsprechenden Rechte an geistigem und gewerblichem Eigentum gesch\u00fctzt.Inhaltliche VerantwortungPAUL A. LITHERLAND, mit CIF X2557841B ist nicht verantwortlich f\u00fcr die Rechtm\u00e4\u00dfigkeit anderer Websites Dritter, von denen [&hellip;]<\/p>\n","protected":false},"author":1,"featured_media":0,"parent":0,"menu_order":0,"comment_status":"closed","ping_status":"closed","template":"","meta":{"_et_pb_use_builder":"on","_et_pb_old_content":"","_et_gb_content_width":"","footnotes":""},"class_list":["post-446","page","type-page","status-publish","hentry"],"yoast_head":"<!-- This site is optimized with the Yoast SEO plugin v26.0 - https:\/\/yoast.com\/wordpress\/plugins\/seo\/ -->\n<title>Aviso Legal - Jes&uacute;s Pobre Services<\/title>\n<meta name=\"robots\" content=\"index, follow, max-snippet:-1, max-image-preview:large, max-video-preview:-1\" \/>\n<link rel=\"canonical\" href=\"https:\/\/jesuspobreservices.com\/de\/aviso-legal\/\" \/>\n<meta property=\"og:locale\" content=\"de_DE\" \/>\n<meta property=\"og:type\" content=\"article\" \/>\n<meta property=\"og:title\" content=\"Aviso Legal - Jes&uacute;s Pobre Services\" \/>\n<meta property=\"og:description\" content=\"JPS Hausverwaltung Rechtlicher HinweisGeistiges und gewerbliches EigentumDas Design des Portals und seine Quellcodes sowie die darin erscheinenden Logos, Marken und sonstigen Unterscheidungszeichen geh\u00f6ren (PAUL A. LITHERLAND) und sind durch die entsprechenden Rechte an geistigem und gewerblichem Eigentum gesch\u00fctzt.Inhaltliche VerantwortungPAUL A. LITHERLAND, mit CIF X2557841B ist nicht verantwortlich f\u00fcr die Rechtm\u00e4\u00dfigkeit anderer Websites Dritter, von denen [&hellip;]\" \/>\n<meta property=\"og:url\" content=\"https:\/\/jesuspobreservices.com\/de\/aviso-legal\/\" \/>\n<meta property=\"og:site_name\" content=\"Jes&uacute;s Pobre Services\" \/>\n<meta property=\"article:publisher\" content=\"https:\/\/www.facebook.com\/JesusPobreServices\/\" \/>\n<meta property=\"article:modified_time\" content=\"2024-09-10T10:32:08+00:00\" \/>\n<meta name=\"twitter:card\" content=\"summary_large_image\" \/>\n<meta name=\"twitter:label1\" content=\"Gesch\u00e4tzte Lesezeit\" \/>\n\t<meta name=\"twitter:data1\" content=\"8\u00a0Minuten\" \/>\n<script type=\"application\/ld+json\" class=\"yoast-schema-graph\">{\"@context\":\"https:\/\/schema.org\",\"@graph\":[{\"@type\":\"WebPage\",\"@id\":\"https:\/\/jesuspobreservices.com\/de\/aviso-legal\/\",\"url\":\"https:\/\/jesuspobreservices.com\/de\/aviso-legal\/\",\"name\":\"Aviso Legal - Jes&uacute;s Pobre Services\",\"isPartOf\":{\"@id\":\"https:\/\/jesuspobreservices.com\/de\/#website\"},\"datePublished\":\"2024-08-05T17:30:11+00:00\",\"dateModified\":\"2024-09-10T10:32:08+00:00\",\"breadcrumb\":{\"@id\":\"https:\/\/jesuspobreservices.com\/de\/aviso-legal\/#breadcrumb\"},\"inLanguage\":\"de\",\"potentialAction\":[{\"@type\":\"ReadAction\",\"target\":[\"https:\/\/jesuspobreservices.com\/de\/aviso-legal\/\"]}]},{\"@type\":\"BreadcrumbList\",\"@id\":\"https:\/\/jesuspobreservices.com\/de\/aviso-legal\/#breadcrumb\",\"itemListElement\":[{\"@type\":\"ListItem\",\"position\":1,\"name\":\"Home\",\"item\":\"https:\/\/jesuspobreservices.com\/de\/heim\/\"},{\"@type\":\"ListItem\",\"position\":2,\"name\":\"Aviso Legal\"}]},{\"@type\":\"WebSite\",\"@id\":\"https:\/\/jesuspobreservices.com\/de\/#website\",\"url\":\"https:\/\/jesuspobreservices.com\/de\/\",\"name\":\"Jes\u00fas Pobre Services\",\"description\":\"your best choice of property management in Javea, Denia and Moraira area\",\"publisher\":{\"@id\":\"https:\/\/jesuspobreservices.com\/de\/#organization\"},\"potentialAction\":[{\"@type\":\"SearchAction\",\"target\":{\"@type\":\"EntryPoint\",\"urlTemplate\":\"https:\/\/jesuspobreservices.com\/de\/?s={search_term_string}\"},\"query-input\":{\"@type\":\"PropertyValueSpecification\",\"valueRequired\":true,\"valueName\":\"search_term_string\"}}],\"inLanguage\":\"de\"},{\"@type\":\"Organization\",\"@id\":\"https:\/\/jesuspobreservices.com\/de\/#organization\",\"name\":\"Jes\u00fas Pobre Services - Property Management since 1992\",\"url\":\"https:\/\/jesuspobreservices.com\/de\/\",\"logo\":{\"@type\":\"ImageObject\",\"inLanguage\":\"de\",\"@id\":\"https:\/\/jesuspobreservices.com\/de\/#\/schema\/logo\/image\/\",\"url\":\"https:\/\/jesuspobreservices.com\/wp-content\/uploads\/2024\/06\/JPS-Icon.jpg\",\"contentUrl\":\"https:\/\/jesuspobreservices.com\/wp-content\/uploads\/2024\/06\/JPS-Icon.jpg\",\"width\":512,\"height\":512,\"caption\":\"Jes\u00fas Pobre Services - Property Management since 1992\"},\"image\":{\"@id\":\"https:\/\/jesuspobreservices.com\/de\/#\/schema\/logo\/image\/\"},\"sameAs\":[\"https:\/\/www.facebook.com\/JesusPobreServices\/\",\"https:\/\/www.instagram.com\/jesuspobreservices\/\"]}]}<\/script>\n<!-- \/ Yoast SEO plugin. -->","yoast_head_json":{"title":"Aviso Legal - Jes&uacute;s Pobre Services","robots":{"index":"index","follow":"follow","max-snippet":"max-snippet:-1","max-image-preview":"max-image-preview:large","max-video-preview":"max-video-preview:-1"},"canonical":"https:\/\/jesuspobreservices.com\/de\/aviso-legal\/","og_locale":"de_DE","og_type":"article","og_title":"Aviso Legal - Jes&uacute;s Pobre Services","og_description":"JPS Hausverwaltung Rechtlicher HinweisGeistiges und gewerbliches EigentumDas Design des Portals und seine Quellcodes sowie die darin erscheinenden Logos, Marken und sonstigen Unterscheidungszeichen geh\u00f6ren (PAUL A. LITHERLAND) und sind durch die entsprechenden Rechte an geistigem und gewerblichem Eigentum gesch\u00fctzt.Inhaltliche VerantwortungPAUL A. LITHERLAND, mit CIF X2557841B ist nicht verantwortlich f\u00fcr die Rechtm\u00e4\u00dfigkeit anderer Websites Dritter, von denen [&hellip;]","og_url":"https:\/\/jesuspobreservices.com\/de\/aviso-legal\/","og_site_name":"Jes&uacute;s Pobre Services","article_publisher":"https:\/\/www.facebook.com\/JesusPobreServices\/","article_modified_time":"2024-09-10T10:32:08+00:00","twitter_card":"summary_large_image","twitter_misc":{"Gesch\u00e4tzte Lesezeit":"8\u00a0Minuten"},"schema":{"@context":"https:\/\/schema.org","@graph":[{"@type":"WebPage","@id":"https:\/\/jesuspobreservices.com\/de\/aviso-legal\/","url":"https:\/\/jesuspobreservices.com\/de\/aviso-legal\/","name":"Aviso Legal - Jes&uacute;s Pobre Services","isPartOf":{"@id":"https:\/\/jesuspobreservices.com\/de\/#website"},"datePublished":"2024-08-05T17:30:11+00:00","dateModified":"2024-09-10T10:32:08+00:00","breadcrumb":{"@id":"https:\/\/jesuspobreservices.com\/de\/aviso-legal\/#breadcrumb"},"inLanguage":"de","potentialAction":[{"@type":"ReadAction","target":["https:\/\/jesuspobreservices.com\/de\/aviso-legal\/"]}]},{"@type":"BreadcrumbList","@id":"https:\/\/jesuspobreservices.com\/de\/aviso-legal\/#breadcrumb","itemListElement":[{"@type":"ListItem","position":1,"name":"Home","item":"https:\/\/jesuspobreservices.com\/de\/heim\/"},{"@type":"ListItem","position":2,"name":"Aviso Legal"}]},{"@type":"WebSite","@id":"https:\/\/jesuspobreservices.com\/de\/#website","url":"https:\/\/jesuspobreservices.com\/de\/","name":"Jes\u00fas Pobre Services","description":"your best choice of property management in Javea, Denia and Moraira area","publisher":{"@id":"https:\/\/jesuspobreservices.com\/de\/#organization"},"potentialAction":[{"@type":"SearchAction","target":{"@type":"EntryPoint","urlTemplate":"https:\/\/jesuspobreservices.com\/de\/?s={search_term_string}"},"query-input":{"@type":"PropertyValueSpecification","valueRequired":true,"valueName":"search_term_string"}}],"inLanguage":"de"},{"@type":"Organization","@id":"https:\/\/jesuspobreservices.com\/de\/#organization","name":"Jes\u00fas Pobre Services - Property Management since 1992","url":"https:\/\/jesuspobreservices.com\/de\/","logo":{"@type":"ImageObject","inLanguage":"de","@id":"https:\/\/jesuspobreservices.com\/de\/#\/schema\/logo\/image\/","url":"https:\/\/jesuspobreservices.com\/wp-content\/uploads\/2024\/06\/JPS-Icon.jpg","contentUrl":"https:\/\/jesuspobreservices.com\/wp-content\/uploads\/2024\/06\/JPS-Icon.jpg","width":512,"height":512,"caption":"Jes\u00fas Pobre Services - Property Management since 1992"},"image":{"@id":"https:\/\/jesuspobreservices.com\/de\/#\/schema\/logo\/image\/"},"sameAs":["https:\/\/www.facebook.com\/JesusPobreServices\/","https:\/\/www.instagram.com\/jesuspobreservices\/"]}]}},"_links":{"self":[{"href":"https:\/\/jesuspobreservices.com\/de\/wp-json\/wp\/v2\/pages\/446","targetHints":{"allow":["GET"]}}],"collection":[{"href":"https:\/\/jesuspobreservices.com\/de\/wp-json\/wp\/v2\/pages"}],"about":[{"href":"https:\/\/jesuspobreservices.com\/de\/wp-json\/wp\/v2\/types\/page"}],"author":[{"embeddable":true,"href":"https:\/\/jesuspobreservices.com\/de\/wp-json\/wp\/v2\/users\/1"}],"replies":[{"embeddable":true,"href":"https:\/\/jesuspobreservices.com\/de\/wp-json\/wp\/v2\/comments?post=446"}],"version-history":[{"count":4,"href":"https:\/\/jesuspobreservices.com\/de\/wp-json\/wp\/v2\/pages\/446\/revisions"}],"predecessor-version":[{"id":470,"href":"https:\/\/jesuspobreservices.com\/de\/wp-json\/wp\/v2\/pages\/446\/revisions\/470"}],"wp:attachment":[{"href":"https:\/\/jesuspobreservices.com\/de\/wp-json\/wp\/v2\/media?parent=446"}],"curies":[{"name":"wp","href":"https:\/\/api.w.org\/{rel}","templated":true}]}}