{"id":429,"date":"2024-08-07T17:09:23","date_gmt":"2024-08-07T17:09:23","guid":{"rendered":"https:\/\/jesuspobreservices.com\/contacto\/"},"modified":"2024-09-11T08:25:20","modified_gmt":"2024-09-11T08:25:20","slug":"contacto","status":"publish","type":"page","link":"https:\/\/jesuspobreservices.com\/es\/contacto\/","title":{"rendered":"Contacto"},"content":{"rendered":"<p>[et_pb_section fb_built=\u00bb1&#8243; _builder_version=\u00bb4.25.2&#8243; _module_preset=\u00bbdefault\u00bb background_color=\u00bb#F4F1ED\u00bb custom_margin=\u00bb||||false|false\u00bb custom_padding=\u00bb29px||30px||false|false\u00bb global_colors_info=\u00bb{}\u00bb][et_pb_row _builder_version=\u00bb4.25.1&#8243; _module_preset=\u00bbdefault\u00bb width=\u00bb90%\u00bb max_width=\u00bb2560px\u00bb custom_padding=\u00bb14px|||||\u00bb global_colors_info=\u00bb{}\u00bb][et_pb_column type=\u00bb4_4&#8243; _builder_version=\u00bb4.25.1&#8243; _module_preset=\u00bbdefault\u00bb global_colors_info=\u00bb{}\u00bb][et_pb_text _builder_version=\u00bb4.27.0&#8243; header_font=\u00bb||||||||\u00bb header_text_color=\u00bb#623E2A\u00bb header_font_size=\u00bb80px\u00bb header_2_font=\u00bb|600|||||||\u00bb header_2_text_color=\u00bb#623E2A\u00bb header_2_font_size=\u00bb36px\u00bb header_3_font=\u00bb||||||||\u00bb header_3_text_color=\u00bb#623E2A\u00bb header_4_text_color=\u00bb#623E2A\u00bb text_orientation=\u00bbright\u00bb background_layout=\u00bbdark\u00bb header_font_tablet=\u00bb\u00bb header_font_phone=\u00bb\u00bb header_font_last_edited=\u00bbon|phone\u00bb header_font_size_tablet=\u00bb60px\u00bb header_font_size_phone=\u00bb42px\u00bb header_font_size_last_edited=\u00bbon|phone\u00bb header_2_font_size_tablet=\u00bb\u00bb header_2_font_size_phone=\u00bb24px\u00bb header_2_font_size_last_edited=\u00bbon|phone\u00bb header_3_font_size_tablet=\u00bb\u00bb header_3_font_size_phone=\u00bb19px\u00bb header_3_font_size_last_edited=\u00bbon|phone\u00bb locked=\u00bboff\u00bb global_colors_info=\u00bb{}\u00bb]<\/p>\n<h3>Administraci\u00f3n de propiedades de JPS<\/h3>\n<h1>Contacto<\/h1>\n<p>[\/et_pb_text][\/et_pb_column][\/et_pb_row][\/et_pb_section][et_pb_section fb_built=\u00bb1&#8243; fullwidth=\u00bbon\u00bb _builder_version=\u00bb4.25.2&#8243; _module_preset=\u00bbdefault\u00bb global_colors_info=\u00bb{}\u00bb][et_pb_fullwidth_image src=\u00bbhttps:\/\/jesuspobreservices.com\/wp-content\/uploads\/2024\/08\/beautiful-outdoor-swimming-pool-hotel-resort-with-chair-deck-leisure-vacation.jpg\u00bb title_text=\u00bbhermosa-piscina-al-exterior-hotel-resort-con-silla-cubierta-ocio-vacaciones\u00bb _builder_version=\u00bb4.27.0&#8243; _module_preset=\u00bbdefault\u00bb max_height=\u00bb658px\u00bb global_colors_info=\u00bb{}\u00bb][\/et_pb_fullwidth_image][\/et_pb_section][et_pb_section fb_built=\u00bb1&#8243; custom_padding_last_edited=\u00bbon|phone\u00bb admin_label=\u00bbFooter\u00bb module_id=\u00bbcontacto\u00bb _builder_version=\u00bb4.27.0&#8243; background_color=\u00bb#623E2A\u00bb max_width_phone=\u00bb100%\u00bb max_width_last_edited=\u00bboff|desktop\u00bb custom_padding=\u00bb23px||12px||false|false\u00bb custom_padding_tablet=\u00bb\u00bb custom_padding_phone=\u00bb|||0vw|false|false\u00bb global_module=\u00bb172&#8243; saved_tabs=\u00bball\u00bb locked=\u00bboff\u00bb global_colors_info=\u00bb{}\u00bb][et_pb_row _builder_version=\u00bb4.25.2&#8243; _module_preset=\u00bbdefault\u00bb global_colors_info=\u00bb{}\u00bb][et_pb_column type=\u00bb4_4&#8243; _builder_version=\u00bb4.25.2&#8243; _module_preset=\u00bbdefault\u00bb global_colors_info=\u00bb{}\u00bb][et_pb_text _builder_version=\u00bb4.27.0&#8243; text_text_color=\u00bb#FFFFFF\u00bb text_font_size=\u00bb18px\u00bb text_line_height=\u00bb1.8em\u00bb header_2_font=\u00bbUnna||||||||\u00bb header_2_font_size=\u00bb72px\u00bb header_3_text_color=\u00bb#FFFFFF\u00bb header_3_font_size=\u00bb60px\u00bb text_orientation=\u00bbcenter\u00bb module_alignment=\u00bbcenter\u00bb text_font_size_tablet=\u00bb16px\u00bb text_font_size_phone=\u00bb15px\u00bb text_font_size_last_edited=\u00bbon|phone\u00bb header_2_font_size_tablet=\u00bb48px\u00bb header_2_font_size_phone=\u00bb32px\u00bb header_2_font_size_last_edited=\u00bbon|phone\u00bb header_3_font_size_tablet=\u00bb\u00bb header_3_font_size_phone=\u00bb34px\u00bb header_3_font_size_last_edited=\u00bbon|phone\u00bb module_alignment_tablet=\u00bb\u00bb module_alignment_phone=\u00bbright\u00bb module_alignment_last_edited=\u00bbon|phone\u00bb global_colors_info=\u00bb{}\u00bb]<\/p>\n<h3>Cont\u00e1ctenos<\/h3>\n<p>disponemos del mejor servicio para su propiedad en la Costa Blanca<\/p>\n<p>[\/et_pb_text][\/et_pb_column][\/et_pb_row][et_pb_row _builder_version=\u00bb4.16&#8243; global_colors_info=\u00bb{}\u00bb][et_pb_column type=\u00bb4_4&#8243; _builder_version=\u00bb4.16&#8243; global_colors_info=\u00bb{}\u00bb][et_pb_contact_form captcha=\u00bboff\u00bb email=\u00bbinfo@marina-media.es\u00bb custom_message=\u00bb%%Name%%||et_pb_line_break_holder||%%Email%%||et_pb_line_break_holder||%%Tel%%||et_pb_line_break_holder||||et_pb_line_break_holder||%%Message%%||et_pb_line_break_holder||||et_pb_line_break_holder||%%Informaci\u00f3n_y_consentimiento%%||et_pb_line_break_holder||||et_pb_line_break_holder||%%Informaci\u00f3n_comercial%%\u00bb success_message=\u00bbGracias por su mensaje.<br \/>\nResponderemos lo m\u00e1s r\u00e1pido posible \u00bb submit_button_text=\u00bbEnviar mensaje\u00bb _builder_version=\u00bb4.27.0&#8243; form_field_background_color=\u00bb#ffffff\u00bb form_field_text_color=\u00bb#B29B8A\u00bb form_field_font_size=\u00bb16px\u00bb form_field_line_height=\u00bb1.8em\u00bb custom_button=\u00bbon\u00bb button_text_size=\u00bb14px\u00bb button_text_color=\u00bb#623E2A\u00bb button_bg_color=\u00bb#EEEBE5&#8243; button_border_width=\u00bb3px\u00bb button_border_color=\u00bbrgba(0,0,0,0)\u00bb button_border_radius=\u00bb10px\u00bb button_letter_spacing=\u00bb4px\u00bb button_font=\u00bb|700||on|||||\u00bb button_icon=\u00bb&#x24;||divi||400&#8243; button_custom_margin=\u00bb10px||||false|false\u00bb button_custom_padding=\u00bb15px|40px|15px|40px|true|true\u00bb module_alignment=\u00bbcenter\u00bb global_colors_info=\u00bb{}\u00bb][et_pb_contact_field field_id=\u00bbName\u00bb field_title=\u00bbNombre\u00bb fullwidth_field=\u00bbon\u00bb _builder_version=\u00bb4.26.0&#8243; global_colors_info=\u00bb{}\u00bb button_text_size__hover_enabled=\u00bboff\u00bb button_one_text_size__hover_enabled=\u00bboff\u00bb button_two_text_size__hover_enabled=\u00bboff\u00bb button_text_color__hover_enabled=\u00bboff\u00bb button_one_text_color__hover_enabled=\u00bboff\u00bb button_two_text_color__hover_enabled=\u00bboff\u00bb button_border_width__hover_enabled=\u00bboff\u00bb button_one_border_width__hover_enabled=\u00bboff\u00bb button_two_border_width__hover_enabled=\u00bboff\u00bb button_border_color__hover_enabled=\u00bboff\u00bb button_one_border_color__hover_enabled=\u00bboff\u00bb button_two_border_color__hover_enabled=\u00bboff\u00bb button_border_radius__hover_enabled=\u00bboff\u00bb button_one_border_radius__hover_enabled=\u00bboff\u00bb button_two_border_radius__hover_enabled=\u00bboff\u00bb button_letter_spacing__hover_enabled=\u00bboff\u00bb button_one_letter_spacing__hover_enabled=\u00bboff\u00bb button_two_letter_spacing__hover_enabled=\u00bboff\u00bb button_bg_color__hover_enabled=\u00bboff\u00bb button_one_bg_color__hover_enabled=\u00bboff\u00bb button_two_bg_color__hover_enabled=\u00bboff\u00bb][\/et_pb_contact_field][et_pb_contact_field field_id=\u00bbEmail\u00bb field_title=\u00bbDirecci\u00f3n de correo electr\u00f3nico\u00bb field_type=\u00bbemail\u00bb _builder_version=\u00bb4.16&#8243; global_colors_info=\u00bb{}\u00bb button_text_size__hover_enabled=\u00bboff\u00bb button_one_text_size__hover_enabled=\u00bboff\u00bb button_two_text_size__hover_enabled=\u00bboff\u00bb button_text_color__hover_enabled=\u00bboff\u00bb button_one_text_color__hover_enabled=\u00bboff\u00bb button_two_text_color__hover_enabled=\u00bboff\u00bb button_border_width__hover_enabled=\u00bboff\u00bb button_one_border_width__hover_enabled=\u00bboff\u00bb button_two_border_width__hover_enabled=\u00bboff\u00bb button_border_color__hover_enabled=\u00bboff\u00bb button_one_border_color__hover_enabled=\u00bboff\u00bb button_two_border_color__hover_enabled=\u00bboff\u00bb button_border_radius__hover_enabled=\u00bboff\u00bb button_one_border_radius__hover_enabled=\u00bboff\u00bb button_two_border_radius__hover_enabled=\u00bboff\u00bb button_letter_spacing__hover_enabled=\u00bboff\u00bb button_one_letter_spacing__hover_enabled=\u00bboff\u00bb button_two_letter_spacing__hover_enabled=\u00bboff\u00bb button_bg_color__hover_enabled=\u00bboff\u00bb button_one_bg_color__hover_enabled=\u00bboff\u00bb button_two_bg_color__hover_enabled=\u00bboff\u00bb][\/et_pb_contact_field][et_pb_contact_field field_id=\u00bbTel\u00bb field_title=\u00bbTel\u00e9fono\u00bb _builder_version=\u00bb4.26.0&#8243; _module_preset=\u00bbdefault\u00bb global_colors_info=\u00bb{}\u00bb][\/et_pb_contact_field][et_pb_contact_field field_id=\u00bbMessage\u00bb field_title=\u00bbMensaje\u00bb field_type=\u00bbtext\u00bb fullwidth_field=\u00bbon\u00bb _builder_version=\u00bb4.16&#8243; global_colors_info=\u00bb{}\u00bb button_text_size__hover_enabled=\u00bboff\u00bb button_one_text_size__hover_enabled=\u00bboff\u00bb button_two_text_size__hover_enabled=\u00bboff\u00bb button_text_color__hover_enabled=\u00bboff\u00bb button_one_text_color__hover_enabled=\u00bboff\u00bb button_two_text_color__hover_enabled=\u00bboff\u00bb button_border_width__hover_enabled=\u00bboff\u00bb button_one_border_width__hover_enabled=\u00bboff\u00bb button_two_border_width__hover_enabled=\u00bboff\u00bb button_border_color__hover_enabled=\u00bboff\u00bb button_one_border_color__hover_enabled=\u00bboff\u00bb button_two_border_color__hover_enabled=\u00bboff\u00bb button_border_radius__hover_enabled=\u00bboff\u00bb button_one_border_radius__hover_enabled=\u00bboff\u00bb button_two_border_radius__hover_enabled=\u00bboff\u00bb button_letter_spacing__hover_enabled=\u00bboff\u00bb button_one_letter_spacing__hover_enabled=\u00bboff\u00bb button_two_letter_spacing__hover_enabled=\u00bboff\u00bb button_bg_color__hover_enabled=\u00bboff\u00bb button_one_bg_color__hover_enabled=\u00bboff\u00bb button_two_bg_color__hover_enabled=\u00bboff\u00bb][\/et_pb_contact_field][et_pb_contact_field field_id=\u00bbInformaci\u00f3n_y_consentimiento\u00bb field_title=\u00bbInformaci\u00f3n y consentimiento\u00bb field_type=\u00bbcheckbox\u00bb checkbox_options=\u00bb%91{%22value%22:%22He le\u00eddo y acepto la POL\u00cdTICA DE PRIVACIDAD (obligatoria para enviar el formulario)%22,%22checked%22:0,%22dragID%22:-1,%22link_url%22:%22\\\/privacy-policy\\\/%22,%22link_text%22:%22%22}%93&#8243; fullwidth_field=\u00bbon\u00bb _builder_version=\u00bb4.27.0&#8243; _module_preset=\u00bbdefault\u00bb global_colors_info=\u00bb{}\u00bb][\/et_pb_contact_field][et_pb_contact_field field_id=\u00bbInformaci\u00f3n_comercial\u00bb field_title=\u00bb \u00bb field_type=\u00bbcheckbox\u00bb checkbox_options=\u00bb%91{%22value%22:%22Deseo recibir informaci\u00f3n comercial sobre productos\\\/servicios%22,%22checked%22:0,%22dragID%22:-1}%93&#8243; required_mark=\u00bboff\u00bb fullwidth_field=\u00bbon\u00bb _builder_version=\u00bb4.27.0&#8243; _module_preset=\u00bbdefault\u00bb global_colors_info=\u00bb{}\u00bb][\/et_pb_contact_field][\/et_pb_contact_form][et_pb_text _builder_version=\u00bb4.27.0&#8243; _module_preset=\u00bbdefault\u00bb global_colors_info=\u00bb{}\u00bb]<\/p>\n<p>Los datos personales solicitados a trav\u00e9s de este formulario son los m\u00ednimos necesarios para tramitar su solicitud y ser\u00e1n tratados por PAUL A. LITHERLAND, con CIF X2557841B, y domicilio en C\/MAYOR 37, JES\u00daS POBRE (03749), ALICANTE de conformidad con lo establecido en nuestra POL\u00cdTICA DE PRIVACIDAD con la finalidad de poder responder a las preguntas que nos plantee a trav\u00e9s de este formulario.<\/p>\n<p>Los datos recabados a trav\u00e9s de este formulario no ser\u00e1n cedidos a terceros salvo por obligaci\u00f3n legal.<\/p>\n<p>Le recordamos que tiene derecho de acceso, rectificaci\u00f3n, limitaci\u00f3n del tratamiento, supresi\u00f3n, portabilidad y oposici\u00f3n al tratamiento de sus datos dirigiendo su solicitud a la direcci\u00f3n postal indicada o al correo electr\u00f3nico jesuspobreservices@gmail.com.<br \/>\nTambi\u00e9n puede ponerse en contacto con nosotros para cualquier aclaraci\u00f3n.<br \/>\nadicional.  <\/p>\n<p>[\/et_pb_text][et_pb_image src=\u00bbhttps:\/\/jesuspobreservices.com\/wp-content\/uploads\/2024\/06\/JPS-Icon.jpg\u00bb title_text=\u00bbIcono de JPS\u00bb align=\u00bbcenter\u00bb align_tablet=\u00bb\u00bb align_phone=\u00bb\u00bb align_last_edited=\u00bbon|desktop\u00bb _builder_version=\u00bb4.27.0&#8243; _module_preset=\u00bbdefault\u00bb width=\u00bb12%\u00bb width_tablet=\u00bb\u00bb width_phone=\u00bb35%\u00bb width_last_edited=\u00bbon|desktop\u00bb module_alignment=\u00bbright\u00bb custom_margin=\u00bb||12px|||\u00bb module_alignment_tablet=\u00bb\u00bb module_alignment_phone=\u00bbright\u00bb module_alignment_last_edited=\u00bbon|phone\u00bb global_colors_info=\u00bb{}\u00bb][\/et_pb_image][et_pb_text _builder_version=\u00bb4.27.0&#8243; _module_preset=\u00bbdefault\u00bb text_text_color=\u00bb#FFFFFF\u00bb text_orientation=\u00bbright\u00bb global_colors_info=\u00bb{}\u00bb]<\/p>\n<p>Calle Mayor 37, 03749 Jes\u00fas Pobre (D\u00e9nia)<\/p>\n<p><span style=\"color: #ffffff;\"><a href=\"mailto:info@jesuspobreservices.com\" target=\"_blank\" rel=\"noopener\" style=\"color: #ffffff;\">info@jesuspobreservices.com<\/a><\/span><\/p>\n<p><span style=\"color: #ffffff;\">+34 602 560 511<\/span><\/p>\n<p>[\/et_pb_text][\/et_pb_column][\/et_pb_row][\/et_pb_section]<\/p>\n","protected":false},"excerpt":{"rendered":"<p>Administraci\u00f3n de propiedades de JPS ContactoCont\u00e1ctenos disponemos del mejor servicio para su propiedad en la Costa BlancaLos datos personales solicitados a trav\u00e9s de este formulario son los m\u00ednimos necesarios para tramitar su solicitud y ser\u00e1n tratados por PAUL A. LITHERLAND, con CIF X2557841B, y domicilio en C\/MAYOR 37, JES\u00daS POBRE (03749), ALICANTE de conformidad con [&hellip;]<\/p>\n","protected":false},"author":1,"featured_media":0,"parent":0,"menu_order":0,"comment_status":"closed","ping_status":"closed","template":"","meta":{"_et_pb_use_builder":"on","_et_pb_old_content":"","_et_gb_content_width":"","footnotes":""},"class_list":["post-429","page","type-page","status-publish","hentry"],"yoast_head":"<!-- This site is optimized with the Yoast SEO plugin v26.0 - https:\/\/yoast.com\/wordpress\/plugins\/seo\/ -->\n<title>Contacto - Jes&uacute;s Pobre Services<\/title>\n<meta name=\"robots\" content=\"index, follow, max-snippet:-1, max-image-preview:large, max-video-preview:-1\" \/>\n<link rel=\"canonical\" href=\"https:\/\/jesuspobreservices.com\/es\/contacto\/\" \/>\n<meta property=\"og:locale\" content=\"es_ES\" \/>\n<meta property=\"og:type\" content=\"article\" \/>\n<meta property=\"og:title\" content=\"Contacto - Jes&uacute;s Pobre Services\" \/>\n<meta property=\"og:description\" content=\"Administraci\u00f3n de propiedades de JPS ContactoCont\u00e1ctenos disponemos del mejor servicio para su propiedad en la Costa BlancaLos datos personales solicitados a trav\u00e9s de este formulario son los m\u00ednimos necesarios para tramitar su solicitud y ser\u00e1n tratados por PAUL A. LITHERLAND, con CIF X2557841B, y domicilio en C\/MAYOR 37, JES\u00daS POBRE (03749), ALICANTE de conformidad con [&hellip;]\" \/>\n<meta property=\"og:url\" content=\"https:\/\/jesuspobreservices.com\/es\/contacto\/\" \/>\n<meta property=\"og:site_name\" content=\"Jes&uacute;s Pobre Services\" \/>\n<meta property=\"article:publisher\" content=\"https:\/\/www.facebook.com\/JesusPobreServices\/\" \/>\n<meta property=\"article:modified_time\" content=\"2024-09-11T08:25:20+00:00\" \/>\n<meta name=\"twitter:card\" content=\"summary_large_image\" \/>\n<meta name=\"twitter:label1\" content=\"Tiempo de lectura\" \/>\n\t<meta name=\"twitter:data1\" content=\"8 minutos\" \/>\n<script type=\"application\/ld+json\" class=\"yoast-schema-graph\">{\"@context\":\"https:\/\/schema.org\",\"@graph\":[{\"@type\":\"WebPage\",\"@id\":\"https:\/\/jesuspobreservices.com\/es\/contacto\/\",\"url\":\"https:\/\/jesuspobreservices.com\/es\/contacto\/\",\"name\":\"Contacto - Jes&uacute;s Pobre Services\",\"isPartOf\":{\"@id\":\"https:\/\/jesuspobreservices.com\/es\/#website\"},\"datePublished\":\"2024-08-07T17:09:23+00:00\",\"dateModified\":\"2024-09-11T08:25:20+00:00\",\"breadcrumb\":{\"@id\":\"https:\/\/jesuspobreservices.com\/es\/contacto\/#breadcrumb\"},\"inLanguage\":\"es\",\"potentialAction\":[{\"@type\":\"ReadAction\",\"target\":[\"https:\/\/jesuspobreservices.com\/es\/contacto\/\"]}]},{\"@type\":\"BreadcrumbList\",\"@id\":\"https:\/\/jesuspobreservices.com\/es\/contacto\/#breadcrumb\",\"itemListElement\":[{\"@type\":\"ListItem\",\"position\":1,\"name\":\"Home\",\"item\":\"https:\/\/jesuspobreservices.com\/es\/hogar\/\"},{\"@type\":\"ListItem\",\"position\":2,\"name\":\"Contacto\"}]},{\"@type\":\"WebSite\",\"@id\":\"https:\/\/jesuspobreservices.com\/es\/#website\",\"url\":\"https:\/\/jesuspobreservices.com\/es\/\",\"name\":\"Jes\u00fas Pobre Services\",\"description\":\"your best choice of property management in Javea, Denia and Moraira area\",\"publisher\":{\"@id\":\"https:\/\/jesuspobreservices.com\/es\/#organization\"},\"potentialAction\":[{\"@type\":\"SearchAction\",\"target\":{\"@type\":\"EntryPoint\",\"urlTemplate\":\"https:\/\/jesuspobreservices.com\/es\/?s={search_term_string}\"},\"query-input\":{\"@type\":\"PropertyValueSpecification\",\"valueRequired\":true,\"valueName\":\"search_term_string\"}}],\"inLanguage\":\"es\"},{\"@type\":\"Organization\",\"@id\":\"https:\/\/jesuspobreservices.com\/es\/#organization\",\"name\":\"Jes\u00fas Pobre Services - Property Management since 1992\",\"url\":\"https:\/\/jesuspobreservices.com\/es\/\",\"logo\":{\"@type\":\"ImageObject\",\"inLanguage\":\"es\",\"@id\":\"https:\/\/jesuspobreservices.com\/es\/#\/schema\/logo\/image\/\",\"url\":\"https:\/\/jesuspobreservices.com\/wp-content\/uploads\/2024\/06\/JPS-Icon.jpg\",\"contentUrl\":\"https:\/\/jesuspobreservices.com\/wp-content\/uploads\/2024\/06\/JPS-Icon.jpg\",\"width\":512,\"height\":512,\"caption\":\"Jes\u00fas Pobre Services - Property Management since 1992\"},\"image\":{\"@id\":\"https:\/\/jesuspobreservices.com\/es\/#\/schema\/logo\/image\/\"},\"sameAs\":[\"https:\/\/www.facebook.com\/JesusPobreServices\/\",\"https:\/\/www.instagram.com\/jesuspobreservices\/\"]}]}<\/script>\n<!-- \/ Yoast SEO plugin. -->","yoast_head_json":{"title":"Contacto - Jes&uacute;s Pobre Services","robots":{"index":"index","follow":"follow","max-snippet":"max-snippet:-1","max-image-preview":"max-image-preview:large","max-video-preview":"max-video-preview:-1"},"canonical":"https:\/\/jesuspobreservices.com\/es\/contacto\/","og_locale":"es_ES","og_type":"article","og_title":"Contacto - Jes&uacute;s Pobre Services","og_description":"Administraci\u00f3n de propiedades de JPS ContactoCont\u00e1ctenos disponemos del mejor servicio para su propiedad en la Costa BlancaLos datos personales solicitados a trav\u00e9s de este formulario son los m\u00ednimos necesarios para tramitar su solicitud y ser\u00e1n tratados por PAUL A. LITHERLAND, con CIF X2557841B, y domicilio en C\/MAYOR 37, JES\u00daS POBRE (03749), ALICANTE de conformidad con [&hellip;]","og_url":"https:\/\/jesuspobreservices.com\/es\/contacto\/","og_site_name":"Jes&uacute;s Pobre Services","article_publisher":"https:\/\/www.facebook.com\/JesusPobreServices\/","article_modified_time":"2024-09-11T08:25:20+00:00","twitter_card":"summary_large_image","twitter_misc":{"Tiempo de lectura":"8 minutos"},"schema":{"@context":"https:\/\/schema.org","@graph":[{"@type":"WebPage","@id":"https:\/\/jesuspobreservices.com\/es\/contacto\/","url":"https:\/\/jesuspobreservices.com\/es\/contacto\/","name":"Contacto - Jes&uacute;s Pobre Services","isPartOf":{"@id":"https:\/\/jesuspobreservices.com\/es\/#website"},"datePublished":"2024-08-07T17:09:23+00:00","dateModified":"2024-09-11T08:25:20+00:00","breadcrumb":{"@id":"https:\/\/jesuspobreservices.com\/es\/contacto\/#breadcrumb"},"inLanguage":"es","potentialAction":[{"@type":"ReadAction","target":["https:\/\/jesuspobreservices.com\/es\/contacto\/"]}]},{"@type":"BreadcrumbList","@id":"https:\/\/jesuspobreservices.com\/es\/contacto\/#breadcrumb","itemListElement":[{"@type":"ListItem","position":1,"name":"Home","item":"https:\/\/jesuspobreservices.com\/es\/hogar\/"},{"@type":"ListItem","position":2,"name":"Contacto"}]},{"@type":"WebSite","@id":"https:\/\/jesuspobreservices.com\/es\/#website","url":"https:\/\/jesuspobreservices.com\/es\/","name":"Jes\u00fas Pobre Services","description":"your best choice of property management in Javea, Denia and Moraira area","publisher":{"@id":"https:\/\/jesuspobreservices.com\/es\/#organization"},"potentialAction":[{"@type":"SearchAction","target":{"@type":"EntryPoint","urlTemplate":"https:\/\/jesuspobreservices.com\/es\/?s={search_term_string}"},"query-input":{"@type":"PropertyValueSpecification","valueRequired":true,"valueName":"search_term_string"}}],"inLanguage":"es"},{"@type":"Organization","@id":"https:\/\/jesuspobreservices.com\/es\/#organization","name":"Jes\u00fas Pobre Services - Property Management since 1992","url":"https:\/\/jesuspobreservices.com\/es\/","logo":{"@type":"ImageObject","inLanguage":"es","@id":"https:\/\/jesuspobreservices.com\/es\/#\/schema\/logo\/image\/","url":"https:\/\/jesuspobreservices.com\/wp-content\/uploads\/2024\/06\/JPS-Icon.jpg","contentUrl":"https:\/\/jesuspobreservices.com\/wp-content\/uploads\/2024\/06\/JPS-Icon.jpg","width":512,"height":512,"caption":"Jes\u00fas Pobre Services - Property Management since 1992"},"image":{"@id":"https:\/\/jesuspobreservices.com\/es\/#\/schema\/logo\/image\/"},"sameAs":["https:\/\/www.facebook.com\/JesusPobreServices\/","https:\/\/www.instagram.com\/jesuspobreservices\/"]}]}},"_links":{"self":[{"href":"https:\/\/jesuspobreservices.com\/es\/wp-json\/wp\/v2\/pages\/429","targetHints":{"allow":["GET"]}}],"collection":[{"href":"https:\/\/jesuspobreservices.com\/es\/wp-json\/wp\/v2\/pages"}],"about":[{"href":"https:\/\/jesuspobreservices.com\/es\/wp-json\/wp\/v2\/types\/page"}],"author":[{"embeddable":true,"href":"https:\/\/jesuspobreservices.com\/es\/wp-json\/wp\/v2\/users\/1"}],"replies":[{"embeddable":true,"href":"https:\/\/jesuspobreservices.com\/es\/wp-json\/wp\/v2\/comments?post=429"}],"version-history":[{"count":5,"href":"https:\/\/jesuspobreservices.com\/es\/wp-json\/wp\/v2\/pages\/429\/revisions"}],"predecessor-version":[{"id":521,"href":"https:\/\/jesuspobreservices.com\/es\/wp-json\/wp\/v2\/pages\/429\/revisions\/521"}],"wp:attachment":[{"href":"https:\/\/jesuspobreservices.com\/es\/wp-json\/wp\/v2\/media?parent=429"}],"curies":[{"name":"wp","href":"https:\/\/api.w.org\/{rel}","templated":true}]}}