{"id":449,"date":"2024-08-05T17:30:11","date_gmt":"2024-08-05T17:30:11","guid":{"rendered":"https:\/\/jesuspobreservices.com\/aviso-legal\/"},"modified":"2024-09-10T10:36:52","modified_gmt":"2024-09-10T10:36:52","slug":"aviso-legal","status":"publish","type":"page","link":"https:\/\/jesuspobreservices.com\/es\/aviso-legal\/","title":{"rendered":"Aviso Legal"},"content":{"rendered":"<p>[et_pb_section fb_built=\u00bb1&#8243; _builder_version=\u00bb4.25.2&#8243; _module_preset=\u00bbdefault\u00bb background_color=\u00bb#F4F1ED\u00bb custom_margin=\u00bb||||false|false\u00bb custom_padding=\u00bb29px||30px||false|false\u00bb global_colors_info=\u00bb{}\u00bb][et_pb_row _builder_version=\u00bb4.25.1&#8243; _module_preset=\u00bbdefault\u00bb width=\u00bb90%\u00bb max_width=\u00bb2560px\u00bb custom_padding=\u00bb14px|||||\u00bb global_colors_info=\u00bb{}\u00bb][et_pb_column type=\u00bb4_4&#8243; _builder_version=\u00bb4.25.1&#8243; _module_preset=\u00bbdefault\u00bb global_colors_info=\u00bb{}\u00bb][et_pb_text _builder_version=\u00bb4.27.0&#8243; header_font=\u00bb||||||||\u00bb header_text_color=\u00bb#623E2A\u00bb header_font_size=\u00bb80px\u00bb header_2_font=\u00bb|600|||||||\u00bb header_2_text_color=\u00bb#623E2A\u00bb header_2_font_size=\u00bb36px\u00bb header_3_font=\u00bb||||||||\u00bb header_3_text_color=\u00bb#623E2A\u00bb header_4_text_color=\u00bb#623E2A\u00bb text_orientation=\u00bbright\u00bb background_layout=\u00bbdark\u00bb hover_enabled=\u00bb0&#8243; header_font_tablet=\u00bb\u00bb header_font_phone=\u00bb\u00bb header_font_last_edited=\u00bbon|phone\u00bb header_font_size_tablet=\u00bb60px\u00bb header_font_size_phone=\u00bb42px\u00bb header_font_size_last_edited=\u00bbon|phone\u00bb header_2_font_size_tablet=\u00bb\u00bb header_2_font_size_phone=\u00bb24px\u00bb header_2_font_size_last_edited=\u00bbon|phone\u00bb header_3_font_size_tablet=\u00bb\u00bb header_3_font_size_phone=\u00bb19px\u00bb header_3_font_size_last_edited=\u00bbon|phone\u00bb locked=\u00bboff\u00bb global_colors_info=\u00bb{}\u00bb sticky_enabled=\u00bb0&#8243;]<\/p>\n<h3>Administraci\u00f3n de propiedades de JPS<\/h3>\n<h1>Aviso legal<\/h1>\n<p>[\/et_pb_text][\/et_pb_column][\/et_pb_row][\/et_pb_section][et_pb_section fb_built=\u00bb1&#8243; _builder_version=\u00bb4.25.2&#8243; _module_preset=\u00bbdefault\u00bb background_color=\u00bb#FFFFFF\u00bb custom_padding=\u00bb8px||36px|||\u00bb global_colors_info=\u00bb{}\u00bb][\/et_pb_section][et_pb_section fb_built=\u00bb1&#8243; _builder_version=\u00bb4.25.2&#8243; _module_preset=\u00bbdefault\u00bb background_color=\u00bb#FFFFFF\u00bb custom_padding=\u00bb8px||36px|||\u00bb global_colors_info=\u00bb{}\u00bb][et_pb_row _builder_version=\u00bb4.25.1&#8243; _module_preset=\u00bbdefault\u00bb custom_padding=\u00bb||6px|||\u00bb global_colors_info=\u00bb{}\u00bb][et_pb_column type=\u00bb4_4&#8243; _builder_version=\u00bb4.25.1&#8243; _module_preset=\u00bbdefault\u00bb global_colors_info=\u00bb{}\u00bb][et_pb_text _builder_version=\u00bb4.27.0&#8243; _module_preset=\u00bbdefault\u00bb header_2_font=\u00bb||||||||\u00bb header_2_text_color=\u00bb#623E2A\u00bb header_2_font_size=\u00bb60px\u00bb hover_enabled=\u00bb0&#8243; header_2_font_size_tablet=\u00bb60px\u00bb header_2_font_size_phone=\u00bb34px\u00bb header_2_font_size_last_edited=\u00bbon|phone\u00bb global_colors_info=\u00bb{}\u00bb sticky_enabled=\u00bb0&#8243;]<\/p>\n<h3>Propiedad intelectual e industrial<\/h3>\n<p>[\/et_pb_text][et_pb_text _builder_version=\u00bb4.27.0&#8243; text_line_height=\u00bb2em\u00bb hover_enabled=\u00bb0&#8243; global_colors_info=\u00bb{}\u00bb sticky_enabled=\u00bb0&#8243;]<\/p>\n<p>El dise\u00f1o del portal y sus c\u00f3digos fuente, as\u00ed como los logos, marcas y dem\u00e1s signos distintivos que aparecen en el mismo pertenecen a (PAUL A. LITHERLAND) y est\u00e1n protegidos por los correspondientes derechos de propiedad intelectual e industrial.<\/p>\n<p>[\/et_pb_text][\/et_pb_column][\/et_pb_row][et_pb_row _builder_version=\u00bb4.25.1&#8243; _module_preset=\u00bbdefault\u00bb custom_padding=\u00bb||6px|||\u00bb global_colors_info=\u00bb{}\u00bb][et_pb_column type=\u00bb4_4&#8243; _builder_version=\u00bb4.25.1&#8243; _module_preset=\u00bbdefault\u00bb global_colors_info=\u00bb{}\u00bb][et_pb_text _builder_version=\u00bb4.27.0&#8243; _module_preset=\u00bbdefault\u00bb header_2_font=\u00bb||||||||\u00bb header_2_text_color=\u00bb#623E2A\u00bb header_2_font_size=\u00bb60px\u00bb hover_enabled=\u00bb0&#8243; header_2_font_size_tablet=\u00bb60px\u00bb header_2_font_size_phone=\u00bb34px\u00bb header_2_font_size_last_edited=\u00bbon|phone\u00bb global_colors_info=\u00bb{}\u00bb sticky_enabled=\u00bb0&#8243;]<\/p>\n<h3>Responsabilidad del contenidos<\/h3>\n<p>[\/et_pb_text][et_pb_text _builder_version=\u00bb4.27.0&#8243; text_line_height=\u00bb2em\u00bb hover_enabled=\u00bb0&#8243; global_colors_info=\u00bb{}\u00bb sticky_enabled=\u00bb0&#8243;]<\/p>\n<p>PAUL A. LITHERLAND, con CIF X2557841B no se hace responsable de la legalidad de otros sitios web de terceros desde los que pueda accederse al portal. Tampoco responde por la legalidad de otros sitios web de terceros, que pudieran estar vinculados o enlazados desde este portal.<br \/>PAUL A. LITHERLAND, con CIF X2557841B no ser\u00e1 responsable del uso que terceros hagan de la informaci\u00f3n publicada en el portal, ni tampoco de los da\u00f1os sufridos o p\u00e9rdidas econ\u00f3micas que, de forma directa o indirecta, produzcan o puedan producir perjuicios econ\u00f3micos, materiales o sobre datos, provocados por el uso de dicha informaci\u00f3n. <\/p>\n<p>[\/et_pb_text][\/et_pb_column][\/et_pb_row][et_pb_row _builder_version=\u00bb4.25.1&#8243; _module_preset=\u00bbdefault\u00bb custom_padding=\u00bb||6px|||\u00bb global_colors_info=\u00bb{}\u00bb][et_pb_column type=\u00bb4_4&#8243; _builder_version=\u00bb4.25.1&#8243; _module_preset=\u00bbdefault\u00bb global_colors_info=\u00bb{}\u00bb][et_pb_text _builder_version=\u00bb4.27.0&#8243; _module_preset=\u00bbdefault\u00bb header_2_font=\u00bb||||||||\u00bb header_2_text_color=\u00bb#623E2A\u00bb header_2_font_size=\u00bb60px\u00bb hover_enabled=\u00bb0&#8243; header_2_font_size_tablet=\u00bb60px\u00bb header_2_font_size_phone=\u00bb34px\u00bb header_2_font_size_last_edited=\u00bbon|phone\u00bb global_colors_info=\u00bb{}\u00bb sticky_enabled=\u00bb0&#8243;]<\/p>\n<h3>Reproducci\u00f3n de contenidos<\/h3>\n<p>[\/et_pb_text][et_pb_text _builder_version=\u00bb4.27.0&#8243; text_line_height=\u00bb2em\u00bb hover_enabled=\u00bb0&#8243; global_colors_info=\u00bb{}\u00bb sticky_enabled=\u00bb0&#8243;]<\/p>\n<p>En virtud de lo dispuesto en la Ley de Propiedad Intelectual quedan expresamente prohibidas la reproducci\u00f3n, la distribuci\u00f3n y la comunicaci\u00f3n p\u00fablica de la totalidad o parte de los contenidos de esta p\u00e1gina web, con fines comerciales en cualquier soporte, y por cualquier medio t\u00e9cnico, sin la autorizaci\u00f3n dePAUL A. LITHERLAND<\/p>\n<p>[\/et_pb_text][\/et_pb_column][\/et_pb_row][et_pb_row _builder_version=\u00bb4.25.1&#8243; _module_preset=\u00bbdefault\u00bb custom_padding=\u00bb||6px|||\u00bb global_colors_info=\u00bb{}\u00bb][et_pb_column type=\u00bb4_4&#8243; _builder_version=\u00bb4.25.1&#8243; _module_preset=\u00bbdefault\u00bb global_colors_info=\u00bb{}\u00bb][et_pb_text _builder_version=\u00bb4.27.0&#8243; _module_preset=\u00bbdefault\u00bb header_2_font=\u00bb||||||||\u00bb header_2_text_color=\u00bb#623E2A\u00bb header_2_font_size=\u00bb60px\u00bb hover_enabled=\u00bb0&#8243; header_2_font_size_tablet=\u00bb60px\u00bb header_2_font_size_phone=\u00bb34px\u00bb header_2_font_size_last_edited=\u00bbon|phone\u00bb global_colors_info=\u00bb{}\u00bb sticky_enabled=\u00bb0&#8243;]<\/p>\n<h3>Ley aplicable<\/h3>\n<p>[\/et_pb_text][et_pb_text _builder_version=\u00bb4.27.0&#8243; text_line_height=\u00bb2em\u00bb hover_enabled=\u00bb0&#8243; global_colors_info=\u00bb{}\u00bb sticky_enabled=\u00bb0&#8243;]<\/p>\n<p>PAUL A. LITHERLAND, con CIF X2557841B se reserva la facultad de presentar las acciones civiles o<br \/>penales que considere necesaria por la utilizaci\u00f3n indebida del sitio Web y contenidos, o por el<br \/>incumplimiento de las presentes condiciones.<br \/>La relaci\u00f3n entre el usuario y PAUL A. LITHERLAND, con CIF X2557841B se regir\u00e1 por la normativa vigente y de aplicaci\u00f3n en el territorio nacional. De surgir cualquier controversia en relaci\u00f3n a la interpretaci\u00f3n y\/o a la aplicaci\u00f3n de estas condiciones, las partes someter\u00e1n los conflictos a la jurisdicci\u00f3n ordinaria, someti\u00e9ndose a los Jueces y Tribunales que correspondan conforme a Derecho.<br \/>As\u00ed mismo le informamos que dispone de un procedimiento de resoluci\u00f3n extrajudicial de controversias gratuito y accesible a todos los ciudadanos, se trata de la plataforma de resoluci\u00f3n de litigios en l\u00ednea de la Uni\u00f3n Europea, accesible a trav\u00e9s del siguiente enlace:<br \/>https:\/\/ec.europa.eu\/consumers\/odr\/main\/?event=main.home2.show <\/p>\n<p>[\/et_pb_text][\/et_pb_column][\/et_pb_row][et_pb_row _builder_version=\u00bb4.25.1&#8243; _module_preset=\u00bbdefault\u00bb custom_padding=\u00bb||6px|||\u00bb global_colors_info=\u00bb{}\u00bb][et_pb_column type=\u00bb4_4&#8243; _builder_version=\u00bb4.25.1&#8243; _module_preset=\u00bbdefault\u00bb global_colors_info=\u00bb{}\u00bb][et_pb_text _builder_version=\u00bb4.27.0&#8243; _module_preset=\u00bbdefault\u00bb header_2_font=\u00bb||||||||\u00bb header_2_text_color=\u00bb#623E2A\u00bb header_2_font_size=\u00bb60px\u00bb header_2_font_size_tablet=\u00bb60px\u00bb header_2_font_size_phone=\u00bb34px\u00bb header_2_font_size_last_edited=\u00bbon|phone\u00bb global_colors_info=\u00bb{}\u00bb]<\/p>\n<h3>Cookies<\/h3>\n<p>[\/et_pb_text][et_pb_text _builder_version=\u00bb4.27.0&#8243; text_line_height=\u00bb2em\u00bb hover_enabled=\u00bb0&#8243; global_colors_info=\u00bb{}\u00bb sticky_enabled=\u00bb0&#8243;]<\/p>\n<p>En el caso de emplear tecnolog\u00eda \u201ccookie\u201d en la web, dispone de un apartado concreto que le informa sobre su existencia as\u00ed como de su pol\u00edtica de uso. Consulte el apartado \u201cpol\u00edtica de cookies\u201d.<br \/>En caso contrario, no se emplean cookies de navegaci\u00f3n. <\/p>\n<p>[\/et_pb_text][\/et_pb_column][\/et_pb_row][et_pb_row _builder_version=\u00bb4.25.1&#8243; _module_preset=\u00bbdefault\u00bb custom_padding=\u00bb||6px|||\u00bb global_colors_info=\u00bb{}\u00bb][et_pb_column type=\u00bb4_4&#8243; _builder_version=\u00bb4.25.1&#8243; _module_preset=\u00bbdefault\u00bb global_colors_info=\u00bb{}\u00bb][et_pb_text _builder_version=\u00bb4.27.0&#8243; _module_preset=\u00bbdefault\u00bb header_2_font=\u00bb||||||||\u00bb header_2_text_color=\u00bb#623E2A\u00bb header_2_font_size=\u00bb60px\u00bb hover_enabled=\u00bb0&#8243; header_2_font_size_tablet=\u00bb60px\u00bb header_2_font_size_phone=\u00bb34px\u00bb header_2_font_size_last_edited=\u00bbon|phone\u00bb global_colors_info=\u00bb{}\u00bb sticky_enabled=\u00bb0&#8243;]<\/p>\n<h3>Datos personales de menores<\/h3>\n<p>[\/et_pb_text][et_pb_text _builder_version=\u00bb4.27.0&#8243; text_line_height=\u00bb2em\u00bb hover_enabled=\u00bb0&#8243; global_colors_info=\u00bb{}\u00bb sticky_enabled=\u00bb0&#8243;]<\/p>\n<p>Esta p\u00e1gina web no est\u00e1 dirigida a usuarios menores de edad. Si usted es menor de edad, por favor no intente registrarse como usuario. Si descubrimos que por error hemos obtenido informaci\u00f3n personal de un menor, eliminaremos dicha informaci\u00f3n lo antes posible.  <\/p>\n<p>[\/et_pb_text][\/et_pb_column][\/et_pb_row][et_pb_row _builder_version=\u00bb4.25.1&#8243; _module_preset=\u00bbdefault\u00bb custom_padding=\u00bb||6px|||\u00bb global_colors_info=\u00bb{}\u00bb][et_pb_column type=\u00bb4_4&#8243; _builder_version=\u00bb4.25.1&#8243; _module_preset=\u00bbdefault\u00bb global_colors_info=\u00bb{}\u00bb][et_pb_text _builder_version=\u00bb4.27.0&#8243; _module_preset=\u00bbdefault\u00bb header_2_font=\u00bb||||||||\u00bb header_2_text_color=\u00bb#623E2A\u00bb header_2_font_size=\u00bb60px\u00bb hover_enabled=\u00bb0&#8243; header_2_font_size_tablet=\u00bb60px\u00bb header_2_font_size_phone=\u00bb34px\u00bb header_2_font_size_last_edited=\u00bbon|phone\u00bb global_colors_info=\u00bb{}\u00bb sticky_enabled=\u00bb0&#8243;]<\/p>\n<h3>Ejercicio de los derechos de protecci\u00f3n de datos<\/h3>\n<p>[\/et_pb_text][et_pb_text _builder_version=\u00bb4.27.0&#8243; text_line_height=\u00bb2em\u00bb hover_enabled=\u00bb0&#8243; global_colors_info=\u00bb{}\u00bb sticky_enabled=\u00bb0&#8243;]<\/p>\n<p>De acuerdo con los derechos que confiere la normativa vigente en materia de protecci\u00f3n de datos de car\u00e1cter personal, el usuario podr\u00e1 ejercer los derechos de acceso, rectificaci\u00f3n, limitaci\u00f3n de tratamiento, supresi\u00f3n, portabilidad y oposici\u00f3n al tratamiento de sus datos dirigiendo su petici\u00f3n a la direcci\u00f3n postal indicada o al correo electr\u00f3nico jesuspobreservices@gmail.com<\/p>\n<p>[\/et_pb_text][\/et_pb_column][\/et_pb_row][et_pb_row _builder_version=\u00bb4.25.1&#8243; _module_preset=\u00bbdefault\u00bb custom_padding=\u00bb||6px|||\u00bb global_colors_info=\u00bb{}\u00bb][et_pb_column type=\u00bb4_4&#8243; _builder_version=\u00bb4.25.1&#8243; _module_preset=\u00bbdefault\u00bb global_colors_info=\u00bb{}\u00bb][et_pb_text _builder_version=\u00bb4.27.0&#8243; _module_preset=\u00bbdefault\u00bb header_2_font=\u00bb||||||||\u00bb header_2_text_color=\u00bb#623E2A\u00bb header_2_font_size=\u00bb60px\u00bb hover_enabled=\u00bb0&#8243; header_2_font_size_tablet=\u00bb60px\u00bb header_2_font_size_phone=\u00bb34px\u00bb header_2_font_size_last_edited=\u00bbon|phone\u00bb global_colors_info=\u00bb{}\u00bb sticky_enabled=\u00bb0&#8243;]<\/p>\n<h3>Para el ejercicio de los derechos deber\u00e1 identificarse mediante la presentaci\u00f3n de su DNI.<\/h3>\n<p>[\/et_pb_text][et_pb_text _builder_version=\u00bb4.27.0&#8243; text_line_height=\u00bb2em\u00bb hover_enabled=\u00bb0&#8243; global_colors_info=\u00bb{}\u00bb sticky_enabled=\u00bb0&#8243;]<\/p>\n<p>Para cualquier reclamaci\u00f3n puede dirigirse al correo electr\u00f3nico jesuspobreservices@gmail.com Igualmente podr\u00e1 dirigirse a la Agencia Espa\u00f1ola de Protecci\u00f3n de Datos:<br \/><a href=\"https:\/\/www.aepd.es\">https:\/\/www.aepd.es<\/a><\/p>\n<p>&nbsp;<\/p>\n<p>&nbsp;<\/p>\n<p>&nbsp;<\/p>\n<p>[\/et_pb_text][\/et_pb_column][\/et_pb_row][\/et_pb_section]<\/p>\n","protected":false},"excerpt":{"rendered":"<p>Administraci\u00f3n de propiedades de JPS Aviso legalPropiedad intelectual e industrialEl dise\u00f1o del portal y sus c\u00f3digos fuente, as\u00ed como los logos, marcas y dem\u00e1s signos distintivos que aparecen en el mismo pertenecen a (PAUL A. LITHERLAND) y est\u00e1n protegidos por los correspondientes derechos de propiedad intelectual e industrial.Responsabilidad del contenidosPAUL A. LITHERLAND, con CIF X2557841B [&hellip;]<\/p>\n","protected":false},"author":1,"featured_media":0,"parent":0,"menu_order":0,"comment_status":"closed","ping_status":"closed","template":"","meta":{"_et_pb_use_builder":"on","_et_pb_old_content":"","_et_gb_content_width":"","footnotes":""},"class_list":["post-449","page","type-page","status-publish","hentry"],"yoast_head":"<!-- This site is optimized with the Yoast SEO plugin v26.0 - https:\/\/yoast.com\/wordpress\/plugins\/seo\/ -->\n<title>Aviso Legal - Jes&uacute;s Pobre Services<\/title>\n<meta name=\"robots\" content=\"index, follow, max-snippet:-1, max-image-preview:large, max-video-preview:-1\" \/>\n<link rel=\"canonical\" href=\"https:\/\/jesuspobreservices.com\/es\/aviso-legal\/\" \/>\n<meta property=\"og:locale\" content=\"es_ES\" \/>\n<meta property=\"og:type\" content=\"article\" \/>\n<meta property=\"og:title\" content=\"Aviso Legal - Jes&uacute;s Pobre Services\" \/>\n<meta property=\"og:description\" content=\"Administraci\u00f3n de propiedades de JPS Aviso legalPropiedad intelectual e industrialEl dise\u00f1o del portal y sus c\u00f3digos fuente, as\u00ed como los logos, marcas y dem\u00e1s signos distintivos que aparecen en el mismo pertenecen a (PAUL A. LITHERLAND) y est\u00e1n protegidos por los correspondientes derechos de propiedad intelectual e industrial.Responsabilidad del contenidosPAUL A. LITHERLAND, con CIF X2557841B [&hellip;]\" \/>\n<meta property=\"og:url\" content=\"https:\/\/jesuspobreservices.com\/es\/aviso-legal\/\" \/>\n<meta property=\"og:site_name\" content=\"Jes&uacute;s Pobre Services\" \/>\n<meta property=\"article:publisher\" content=\"https:\/\/www.facebook.com\/JesusPobreServices\/\" \/>\n<meta property=\"article:modified_time\" content=\"2024-09-10T10:36:52+00:00\" \/>\n<meta name=\"twitter:card\" content=\"summary_large_image\" \/>\n<meta name=\"twitter:label1\" content=\"Tiempo de lectura\" \/>\n\t<meta name=\"twitter:data1\" content=\"8 minutos\" \/>\n<script type=\"application\/ld+json\" class=\"yoast-schema-graph\">{\"@context\":\"https:\/\/schema.org\",\"@graph\":[{\"@type\":\"WebPage\",\"@id\":\"https:\/\/jesuspobreservices.com\/es\/aviso-legal\/\",\"url\":\"https:\/\/jesuspobreservices.com\/es\/aviso-legal\/\",\"name\":\"Aviso Legal - Jes&uacute;s Pobre Services\",\"isPartOf\":{\"@id\":\"https:\/\/jesuspobreservices.com\/es\/#website\"},\"datePublished\":\"2024-08-05T17:30:11+00:00\",\"dateModified\":\"2024-09-10T10:36:52+00:00\",\"breadcrumb\":{\"@id\":\"https:\/\/jesuspobreservices.com\/es\/aviso-legal\/#breadcrumb\"},\"inLanguage\":\"es\",\"potentialAction\":[{\"@type\":\"ReadAction\",\"target\":[\"https:\/\/jesuspobreservices.com\/es\/aviso-legal\/\"]}]},{\"@type\":\"BreadcrumbList\",\"@id\":\"https:\/\/jesuspobreservices.com\/es\/aviso-legal\/#breadcrumb\",\"itemListElement\":[{\"@type\":\"ListItem\",\"position\":1,\"name\":\"Home\",\"item\":\"https:\/\/jesuspobreservices.com\/es\/hogar\/\"},{\"@type\":\"ListItem\",\"position\":2,\"name\":\"Aviso Legal\"}]},{\"@type\":\"WebSite\",\"@id\":\"https:\/\/jesuspobreservices.com\/es\/#website\",\"url\":\"https:\/\/jesuspobreservices.com\/es\/\",\"name\":\"Jes\u00fas Pobre Services\",\"description\":\"your best choice of property management in Javea, Denia and Moraira area\",\"publisher\":{\"@id\":\"https:\/\/jesuspobreservices.com\/es\/#organization\"},\"potentialAction\":[{\"@type\":\"SearchAction\",\"target\":{\"@type\":\"EntryPoint\",\"urlTemplate\":\"https:\/\/jesuspobreservices.com\/es\/?s={search_term_string}\"},\"query-input\":{\"@type\":\"PropertyValueSpecification\",\"valueRequired\":true,\"valueName\":\"search_term_string\"}}],\"inLanguage\":\"es\"},{\"@type\":\"Organization\",\"@id\":\"https:\/\/jesuspobreservices.com\/es\/#organization\",\"name\":\"Jes\u00fas Pobre Services - Property Management since 1992\",\"url\":\"https:\/\/jesuspobreservices.com\/es\/\",\"logo\":{\"@type\":\"ImageObject\",\"inLanguage\":\"es\",\"@id\":\"https:\/\/jesuspobreservices.com\/es\/#\/schema\/logo\/image\/\",\"url\":\"https:\/\/jesuspobreservices.com\/wp-content\/uploads\/2024\/06\/JPS-Icon.jpg\",\"contentUrl\":\"https:\/\/jesuspobreservices.com\/wp-content\/uploads\/2024\/06\/JPS-Icon.jpg\",\"width\":512,\"height\":512,\"caption\":\"Jes\u00fas Pobre Services - Property Management since 1992\"},\"image\":{\"@id\":\"https:\/\/jesuspobreservices.com\/es\/#\/schema\/logo\/image\/\"},\"sameAs\":[\"https:\/\/www.facebook.com\/JesusPobreServices\/\",\"https:\/\/www.instagram.com\/jesuspobreservices\/\"]}]}<\/script>\n<!-- \/ Yoast SEO plugin. -->","yoast_head_json":{"title":"Aviso Legal - Jes&uacute;s Pobre Services","robots":{"index":"index","follow":"follow","max-snippet":"max-snippet:-1","max-image-preview":"max-image-preview:large","max-video-preview":"max-video-preview:-1"},"canonical":"https:\/\/jesuspobreservices.com\/es\/aviso-legal\/","og_locale":"es_ES","og_type":"article","og_title":"Aviso Legal - Jes&uacute;s Pobre Services","og_description":"Administraci\u00f3n de propiedades de JPS Aviso legalPropiedad intelectual e industrialEl dise\u00f1o del portal y sus c\u00f3digos fuente, as\u00ed como los logos, marcas y dem\u00e1s signos distintivos que aparecen en el mismo pertenecen a (PAUL A. LITHERLAND) y est\u00e1n protegidos por los correspondientes derechos de propiedad intelectual e industrial.Responsabilidad del contenidosPAUL A. LITHERLAND, con CIF X2557841B [&hellip;]","og_url":"https:\/\/jesuspobreservices.com\/es\/aviso-legal\/","og_site_name":"Jes&uacute;s Pobre Services","article_publisher":"https:\/\/www.facebook.com\/JesusPobreServices\/","article_modified_time":"2024-09-10T10:36:52+00:00","twitter_card":"summary_large_image","twitter_misc":{"Tiempo de lectura":"8 minutos"},"schema":{"@context":"https:\/\/schema.org","@graph":[{"@type":"WebPage","@id":"https:\/\/jesuspobreservices.com\/es\/aviso-legal\/","url":"https:\/\/jesuspobreservices.com\/es\/aviso-legal\/","name":"Aviso Legal - Jes&uacute;s Pobre Services","isPartOf":{"@id":"https:\/\/jesuspobreservices.com\/es\/#website"},"datePublished":"2024-08-05T17:30:11+00:00","dateModified":"2024-09-10T10:36:52+00:00","breadcrumb":{"@id":"https:\/\/jesuspobreservices.com\/es\/aviso-legal\/#breadcrumb"},"inLanguage":"es","potentialAction":[{"@type":"ReadAction","target":["https:\/\/jesuspobreservices.com\/es\/aviso-legal\/"]}]},{"@type":"BreadcrumbList","@id":"https:\/\/jesuspobreservices.com\/es\/aviso-legal\/#breadcrumb","itemListElement":[{"@type":"ListItem","position":1,"name":"Home","item":"https:\/\/jesuspobreservices.com\/es\/hogar\/"},{"@type":"ListItem","position":2,"name":"Aviso Legal"}]},{"@type":"WebSite","@id":"https:\/\/jesuspobreservices.com\/es\/#website","url":"https:\/\/jesuspobreservices.com\/es\/","name":"Jes\u00fas Pobre Services","description":"your best choice of property management in Javea, Denia and Moraira area","publisher":{"@id":"https:\/\/jesuspobreservices.com\/es\/#organization"},"potentialAction":[{"@type":"SearchAction","target":{"@type":"EntryPoint","urlTemplate":"https:\/\/jesuspobreservices.com\/es\/?s={search_term_string}"},"query-input":{"@type":"PropertyValueSpecification","valueRequired":true,"valueName":"search_term_string"}}],"inLanguage":"es"},{"@type":"Organization","@id":"https:\/\/jesuspobreservices.com\/es\/#organization","name":"Jes\u00fas Pobre Services - Property Management since 1992","url":"https:\/\/jesuspobreservices.com\/es\/","logo":{"@type":"ImageObject","inLanguage":"es","@id":"https:\/\/jesuspobreservices.com\/es\/#\/schema\/logo\/image\/","url":"https:\/\/jesuspobreservices.com\/wp-content\/uploads\/2024\/06\/JPS-Icon.jpg","contentUrl":"https:\/\/jesuspobreservices.com\/wp-content\/uploads\/2024\/06\/JPS-Icon.jpg","width":512,"height":512,"caption":"Jes\u00fas Pobre Services - Property Management since 1992"},"image":{"@id":"https:\/\/jesuspobreservices.com\/es\/#\/schema\/logo\/image\/"},"sameAs":["https:\/\/www.facebook.com\/JesusPobreServices\/","https:\/\/www.instagram.com\/jesuspobreservices\/"]}]}},"_links":{"self":[{"href":"https:\/\/jesuspobreservices.com\/es\/wp-json\/wp\/v2\/pages\/449","targetHints":{"allow":["GET"]}}],"collection":[{"href":"https:\/\/jesuspobreservices.com\/es\/wp-json\/wp\/v2\/pages"}],"about":[{"href":"https:\/\/jesuspobreservices.com\/es\/wp-json\/wp\/v2\/types\/page"}],"author":[{"embeddable":true,"href":"https:\/\/jesuspobreservices.com\/es\/wp-json\/wp\/v2\/users\/1"}],"replies":[{"embeddable":true,"href":"https:\/\/jesuspobreservices.com\/es\/wp-json\/wp\/v2\/comments?post=449"}],"version-history":[{"count":4,"href":"https:\/\/jesuspobreservices.com\/es\/wp-json\/wp\/v2\/pages\/449\/revisions"}],"predecessor-version":[{"id":472,"href":"https:\/\/jesuspobreservices.com\/es\/wp-json\/wp\/v2\/pages\/449\/revisions\/472"}],"wp:attachment":[{"href":"https:\/\/jesuspobreservices.com\/es\/wp-json\/wp\/v2\/media?parent=449"}],"curies":[{"name":"wp","href":"https:\/\/api.w.org\/{rel}","templated":true}]}}